{"id":75,"date":"2018-08-13T09:58:52","date_gmt":"2018-08-13T09:58:52","guid":{"rendered":"https:\/\/themes.getmotopress.com\/ciestra\/?page_id=75"},"modified":"2019-07-23T21:49:01","modified_gmt":"2019-07-23T19:49:01","slug":"services-supplementaires","status":"publish","type":"page","link":"https:\/\/hebergementchezmaria.com\/en\/services-supplementaires\/","title":{"rendered":"Services suppl\u00e9mentaires"},"content":{"rendered":"<div data-elementor-type=\"wp-post\" data-elementor-id=\"75\" class=\"elementor elementor-75\" data-elementor-settings=\"[]\">\n\t\t\t\t\t\t<div class=\"elementor-inner\">\n\t\t\t\t\t\t\t<div class=\"elementor-section-wrap\">\n\t\t\t\t\t\t\t<section class=\"elementor-section elementor-top-section elementor-element elementor-element-42b66ef5 elementor-section-boxed elementor-section-height-default elementor-section-height-default\" data-id=\"42b66ef5\" data-element_type=\"section\">\n\t\t\t\t\t\t<div class=\"elementor-container elementor-column-gap-default\">\n\t\t\t\t\t\t\t<div class=\"elementor-row\">\n\t\t\t\t\t<div class=\"elementor-column elementor-col-100 elementor-top-column elementor-element elementor-element-cec299a\" data-id=\"cec299a\" data-element_type=\"column\">\n\t\t\t<div class=\"elementor-column-wrap elementor-element-populated\">\n\t\t\t\t\t\t\t<div class=\"elementor-widget-wrap\">\n\t\t\t\t\t\t<div class=\"elementor-element elementor-element-8f67d71 elementor-view-framed elementor-shape-circle elementor-widget elementor-widget-icon\" data-id=\"8f67d71\" data-element_type=\"widget\" data-widget_type=\"icon.default\">\n\t\t\t\t<div class=\"elementor-widget-container\">\n\t\t\t\t\t<div class=\"elementor-icon-wrapper\">\n\t\t\t<div class=\"elementor-icon\">\n\t\t\t<i aria-hidden=\"true\" class=\"fas fa-sync-alt\"><\/i>\t\t\t<\/div>\n\t\t<\/div>\n\t\t\t\t<\/div>\n\t\t\t\t<\/div>\n\t\t\t\t<div class=\"elementor-element elementor-element-29990f25 elementor-widget elementor-widget-shortcode\" data-id=\"29990f25\" data-element_type=\"widget\" data-widget_type=\"shortcode.default\">\n\t\t\t\t<div class=\"elementor-widget-container\">\n\t\t\t\t\t<div class=\"elementor-shortcode\"><div class=\"mphb_sc_services-wrapper\"><div class=\"mphb-service post-1071 mphb_room_service type-mphb_room_service status-publish has-post-thumbnail\">\r\n\r\n\t\r\n\r\n\t<p class=\"mphb-loop-service-thumbnail\">    <a href=\"https:\/\/hebergementchezmaria.com\/en\/service\/champagne-lionel-carreau-blanc-de-noirs-frais-bouteille\/\" class=\"post-thumbnail\">\r\n    \r\n\t<img width=\"891\" height=\"1188\" src=\"https:\/\/i0.wp.com\/hebergementchezmaria.com\/wp-content\/uploads\/2019\/06\/Champagne-Lionel-Carreau-vieilles-vignes.jpg?fit=891%2C1188&amp;ssl=1\" class=\"attachment-post-thumbnail size-post-thumbnail wp-post-image\" alt=\"\" srcset=\"https:\/\/i0.wp.com\/hebergementchezmaria.com\/wp-content\/uploads\/2019\/06\/Champagne-Lionel-Carreau-vieilles-vignes.jpg?w=1536&amp;ssl=1 1536w, https:\/\/i0.wp.com\/hebergementchezmaria.com\/wp-content\/uploads\/2019\/06\/Champagne-Lionel-Carreau-vieilles-vignes.jpg?resize=225%2C300&amp;ssl=1 225w, https:\/\/i0.wp.com\/hebergementchezmaria.com\/wp-content\/uploads\/2019\/06\/Champagne-Lionel-Carreau-vieilles-vignes.jpg?resize=768%2C1024&amp;ssl=1 768w, https:\/\/i0.wp.com\/hebergementchezmaria.com\/wp-content\/uploads\/2019\/06\/Champagne-Lionel-Carreau-vieilles-vignes.jpg?resize=891%2C1188&amp;ssl=1 891w\" sizes=\"(max-width: 746px) 100vw, 746px\" data-attachment-id=\"551\" data-permalink=\"https:\/\/hebergementchezmaria.com\/en\/champagne-lionel-carreau-vieilles-vignes\/\" data-orig-file=\"https:\/\/i0.wp.com\/hebergementchezmaria.com\/wp-content\/uploads\/2019\/06\/Champagne-Lionel-Carreau-vieilles-vignes.jpg?fit=1536%2C2048&amp;ssl=1\" data-orig-size=\"1536,2048\" data-comments-opened=\"1\" data-image-meta=\"{&quot;aperture&quot;:&quot;0&quot;,&quot;credit&quot;:&quot;&quot;,&quot;camera&quot;:&quot;&quot;,&quot;caption&quot;:&quot;&quot;,&quot;created_timestamp&quot;:&quot;0&quot;,&quot;copyright&quot;:&quot;&quot;,&quot;focal_length&quot;:&quot;0&quot;,&quot;iso&quot;:&quot;0&quot;,&quot;shutter_speed&quot;:&quot;0&quot;,&quot;title&quot;:&quot;&quot;,&quot;orientation&quot;:&quot;0&quot;}\" data-image-title=\"Champagne-Lionel-Carreau-vieilles-vignes\" data-image-description=\"\" data-image-caption=\"\" data-medium-file=\"https:\/\/i0.wp.com\/hebergementchezmaria.com\/wp-content\/uploads\/2019\/06\/Champagne-Lionel-Carreau-vieilles-vignes.jpg?fit=225%2C300&amp;ssl=1\" data-large-file=\"https:\/\/i0.wp.com\/hebergementchezmaria.com\/wp-content\/uploads\/2019\/06\/Champagne-Lionel-Carreau-vieilles-vignes.jpg?fit=746%2C995&amp;ssl=1\" \/>\r\n\t    <\/a>\r\n    <\/p>\r\n\r\n\r\n\r\n<h2 class=\"mphb-service-title\">\r\n<a href=\"https:\/\/hebergementchezmaria.com\/en\/service\/champagne-lionel-carreau-blanc-de-noirs-frais-bouteille\/\">Champagne Lionel Carreau Blanc de Noirs frais (bouteille)<\/a>\r\n<\/h2>\r\n<\/div><div class=\"mphb-service post-1282 mphb_room_service type-mphb_room_service status-publish has-post-thumbnail\">\r\n\r\n\t\r\n\r\n\t<p class=\"mphb-loop-service-thumbnail\">    <a href=\"https:\/\/hebergementchezmaria.com\/en\/service\/apero-champagne-brioche\/\" class=\"post-thumbnail\">\r\n    \r\n\t<img width=\"800\" height=\"533\" src=\"https:\/\/i0.wp.com\/hebergementchezmaria.com\/wp-content\/uploads\/2019\/07\/option-champagne-brioche-hebergement-chez-maria.jpg?fit=800%2C533&amp;ssl=1\" class=\"attachment-post-thumbnail size-post-thumbnail wp-post-image\" alt=\"\" srcset=\"https:\/\/i0.wp.com\/hebergementchezmaria.com\/wp-content\/uploads\/2019\/07\/option-champagne-brioche-hebergement-chez-maria.jpg?w=800&amp;ssl=1 800w, https:\/\/i0.wp.com\/hebergementchezmaria.com\/wp-content\/uploads\/2019\/07\/option-champagne-brioche-hebergement-chez-maria.jpg?resize=300%2C200&amp;ssl=1 300w, https:\/\/i0.wp.com\/hebergementchezmaria.com\/wp-content\/uploads\/2019\/07\/option-champagne-brioche-hebergement-chez-maria.jpg?resize=768%2C512&amp;ssl=1 768w\" sizes=\"(max-width: 746px) 100vw, 746px\" data-attachment-id=\"1168\" data-permalink=\"https:\/\/hebergementchezmaria.com\/en\/apero-champagne-brioche\/option-champagne-brioche-hebergement-chez-maria\/\" data-orig-file=\"https:\/\/i0.wp.com\/hebergementchezmaria.com\/wp-content\/uploads\/2019\/07\/option-champagne-brioche-hebergement-chez-maria.jpg?fit=800%2C533&amp;ssl=1\" data-orig-size=\"800,533\" data-comments-opened=\"1\" data-image-meta=\"{&quot;aperture&quot;:&quot;0&quot;,&quot;credit&quot;:&quot;&quot;,&quot;camera&quot;:&quot;&quot;,&quot;caption&quot;:&quot;&quot;,&quot;created_timestamp&quot;:&quot;0&quot;,&quot;copyright&quot;:&quot;Jean-Paul Thouny&quot;,&quot;focal_length&quot;:&quot;0&quot;,&quot;iso&quot;:&quot;0&quot;,&quot;shutter_speed&quot;:&quot;0&quot;,&quot;title&quot;:&quot;&quot;,&quot;orientation&quot;:&quot;0&quot;}\" data-image-title=\"option-champagne-brioche-hebergement-chez-maria\" data-image-description=\"\" data-image-caption=\"\" data-medium-file=\"https:\/\/i0.wp.com\/hebergementchezmaria.com\/wp-content\/uploads\/2019\/07\/option-champagne-brioche-hebergement-chez-maria.jpg?fit=300%2C200&amp;ssl=1\" data-large-file=\"https:\/\/i0.wp.com\/hebergementchezmaria.com\/wp-content\/uploads\/2019\/07\/option-champagne-brioche-hebergement-chez-maria.jpg?fit=746%2C497&amp;ssl=1\" \/>\r\n\t    <\/a>\r\n    <\/p>\r\n\r\n\r\n\r\n<h2 class=\"mphb-service-title\">\r\n<a href=\"https:\/\/hebergementchezmaria.com\/en\/service\/apero-champagne-brioche\/\">Ap\u00e9ro Champagne + Brioche<\/a>\r\n<\/h2>\r\n<\/div><div class=\"mphb-service post-1284 mphb_room_service type-mphb_room_service status-publish has-post-thumbnail\">\r\n\r\n\t\r\n\r\n\t<p class=\"mphb-loop-service-thumbnail\">    <a href=\"https:\/\/hebergementchezmaria.com\/en\/service\/champagne-lionel-carreau-blanc-de-noirs-frais-6-bouteilles\/\" class=\"post-thumbnail\">\r\n    \r\n\t<img width=\"891\" height=\"669\" src=\"https:\/\/i0.wp.com\/hebergementchezmaria.com\/wp-content\/uploads\/2019\/07\/option-champagne-frais-hebergement-chez-maria.jpg?fit=891%2C669&amp;ssl=1\" class=\"attachment-post-thumbnail size-post-thumbnail wp-post-image\" alt=\"\" srcset=\"https:\/\/i0.wp.com\/hebergementchezmaria.com\/wp-content\/uploads\/2019\/07\/option-champagne-frais-hebergement-chez-maria.jpg?w=1024&amp;ssl=1 1024w, https:\/\/i0.wp.com\/hebergementchezmaria.com\/wp-content\/uploads\/2019\/07\/option-champagne-frais-hebergement-chez-maria.jpg?resize=300%2C225&amp;ssl=1 300w, https:\/\/i0.wp.com\/hebergementchezmaria.com\/wp-content\/uploads\/2019\/07\/option-champagne-frais-hebergement-chez-maria.jpg?resize=768%2C577&amp;ssl=1 768w, https:\/\/i0.wp.com\/hebergementchezmaria.com\/wp-content\/uploads\/2019\/07\/option-champagne-frais-hebergement-chez-maria.jpg?resize=891%2C669&amp;ssl=1 891w\" sizes=\"(max-width: 746px) 100vw, 746px\" data-attachment-id=\"1164\" data-permalink=\"https:\/\/hebergementchezmaria.com\/en\/bouteilles-champagne\/option-champagne-frais-hebergement-chez-maria\/\" data-orig-file=\"https:\/\/i0.wp.com\/hebergementchezmaria.com\/wp-content\/uploads\/2019\/07\/option-champagne-frais-hebergement-chez-maria.jpg?fit=1024%2C769&amp;ssl=1\" data-orig-size=\"1024,769\" data-comments-opened=\"1\" data-image-meta=\"{&quot;aperture&quot;:&quot;0&quot;,&quot;credit&quot;:&quot;&quot;,&quot;camera&quot;:&quot;&quot;,&quot;caption&quot;:&quot;&quot;,&quot;created_timestamp&quot;:&quot;0&quot;,&quot;copyright&quot;:&quot;&quot;,&quot;focal_length&quot;:&quot;0&quot;,&quot;iso&quot;:&quot;0&quot;,&quot;shutter_speed&quot;:&quot;0&quot;,&quot;title&quot;:&quot;&quot;,&quot;orientation&quot;:&quot;0&quot;}\" data-image-title=\"option-champagne-frais-hebergement-chez-maria\" data-image-description=\"\" data-image-caption=\"\" data-medium-file=\"https:\/\/i0.wp.com\/hebergementchezmaria.com\/wp-content\/uploads\/2019\/07\/option-champagne-frais-hebergement-chez-maria.jpg?fit=300%2C225&amp;ssl=1\" data-large-file=\"https:\/\/i0.wp.com\/hebergementchezmaria.com\/wp-content\/uploads\/2019\/07\/option-champagne-frais-hebergement-chez-maria.jpg?fit=746%2C560&amp;ssl=1\" \/>\r\n\t    <\/a>\r\n    <\/p>\r\n\r\n\r\n\r\n<h2 class=\"mphb-service-title\">\r\n<a href=\"https:\/\/hebergementchezmaria.com\/en\/service\/champagne-lionel-carreau-blanc-de-noirs-frais-6-bouteilles\/\">Champagne Lionel Carreau Blanc de Noirs frais (6 bouteilles)<\/a>\r\n<\/h2>\r\n<\/div><\/div><\/div>\n\t\t\t\t<\/div>\n\t\t\t\t<\/div>\n\t\t\t\t\t\t<\/div>\n\t\t\t\t\t<\/div>\n\t\t<\/div>\n\t\t\t\t\t\t\t\t<\/div>\n\t\t\t\t\t<\/div>\n\t\t<\/section>\n\t\t\t\t\t\t<\/div>\n\t\t\t\t\t\t<\/div>\n\t\t\t\t\t<\/div>","protected":false},"excerpt":{"rendered":"","protected":false},"author":1,"featured_media":0,"parent":0,"menu_order":0,"comment_status":"closed","ping_status":"closed","template":"","meta":{"spay_email":""},"jetpack_sharing_enabled":true,"jetpack_shortlink":"https:\/\/wp.me\/PaP54C-1d","jetpack-related-posts":[{"id":581,"url":"https:\/\/hebergementchezmaria.com\/en\/additional-services\/?lang=en","url_meta":{"origin":75,"position":0},"title":"Additional services","date":"6 June 2019","format":false,"excerpt":"","rel":"","context":"Similar post","img":{"alt_text":"","src":"","width":0,"height":0},"classes":[]},{"id":3,"url":"https:\/\/hebergementchezmaria.com\/en\/politique-de-confidentialite\/","url_meta":{"origin":75,"position":1},"title":"Politique de confidentialit\u00e9","date":"19 March 2019","format":false,"excerpt":"Qui sommes-nous\u00a0? L\u2019adresse de notre site Web est\u00a0: http:\/\/hebergementchezmaria.com\/ Utilisation des donn\u00e9es personnelles collect\u00e9es Commentaires Quand vous laissez un commentaire sur notre site web, les donn\u00e9es inscrites dans le formulaire de commentaire, mais aussi votre adresse IP et l\u2019agent utilisateur de votre navigateur sont collect\u00e9s pour nous aider \u00e0 la\u2026","rel":"","context":"Similar post","img":{"alt_text":"","src":"","width":0,"height":0},"classes":[]},{"id":77,"url":"https:\/\/hebergementchezmaria.com\/en\/services-activites\/","url_meta":{"origin":75,"position":2},"title":"Services &#038; Activit\u00e9s","date":"13 August 2018","format":false,"excerpt":"Nous vous offrons de nombreuses possibilit\u00e9s d'animer votre s\u00e9jour ; des activit\u00e9s adapt\u00e9es \u00e0 des s\u00e9jours courts ou longs, pour des voyages d'affaires, en famille ou entre amis. B\u00e9n\u00e9ficier d\u2019un avantage tarifaire en choisissant et r\u00e9servant ces activit\u00e9s par le biais de l\u2019\u00e9quipe Chez Maria !","rel":"","context":"Similar post","img":{"alt_text":"","src":"","width":0,"height":0},"classes":[]},{"id":569,"url":"https:\/\/hebergementchezmaria.com\/en\/panier-du-terroir-local\/","url_meta":{"origin":75,"position":3},"title":"Panier du Terroir Local","date":"5 June 2019","format":false,"excerpt":"Nous attendons encore un peu avant de mettre ce service pour nos h\u00f4tes en place. Plus d'informations prochainement ...","rel":"","context":"Similar post","img":{"alt_text":"","src":"","width":0,"height":0},"classes":[]},{"id":1271,"url":"https:\/\/hebergementchezmaria.com\/en\/panier-du-terroir-local\/?lang=en","url_meta":{"origin":75,"position":4},"title":"Local Campaign Basket","date":"5 June 2019","format":false,"excerpt":"We are still waiting a bit before putting this service for our guests up.More information soon ...","rel":"","context":"Similar post","img":{"alt_text":"","src":"","width":0,"height":0},"classes":[]},{"id":496,"url":"https:\/\/hebergementchezmaria.com\/en\/amenities-included\/?lang=en","url_meta":{"origin":75,"position":5},"title":"Services &#038; Activities","date":"5 June 2019","format":false,"excerpt":"We offer you many opportunities to enhance your trip; you'll have everything for short or long stays, for business or family. Benefit from a price advantage by choosing and booking these activities through the Chez Maria team! \u00a0","rel":"","context":"Similar post","img":{"alt_text":"","src":"","width":0,"height":0},"classes":[]}],"_links":{"self":[{"href":"https:\/\/hebergementchezmaria.com\/en\/wp-json\/wp\/v2\/pages\/75"}],"collection":[{"href":"https:\/\/hebergementchezmaria.com\/en\/wp-json\/wp\/v2\/pages"}],"about":[{"href":"https:\/\/hebergementchezmaria.com\/en\/wp-json\/wp\/v2\/types\/page"}],"author":[{"embeddable":true,"href":"https:\/\/hebergementchezmaria.com\/en\/wp-json\/wp\/v2\/users\/1"}],"replies":[{"embeddable":true,"href":"https:\/\/hebergementchezmaria.com\/en\/wp-json\/wp\/v2\/comments?post=75"}],"version-history":[{"count":2,"href":"https:\/\/hebergementchezmaria.com\/en\/wp-json\/wp\/v2\/pages\/75\/revisions"}],"predecessor-version":[{"id":1096,"href":"https:\/\/hebergementchezmaria.com\/en\/wp-json\/wp\/v2\/pages\/75\/revisions\/1096"}],"wp:attachment":[{"href":"https:\/\/hebergementchezmaria.com\/en\/wp-json\/wp\/v2\/media?parent=75"}],"curies":[{"name":"wp","href":"https:\/\/api.w.org\/{rel}","templated":true}]}}