{"id":73,"date":"2018-08-13T09:57:34","date_gmt":"2018-08-13T09:57:34","guid":{"rendered":"https:\/\/themes.getmotopress.com\/ciestra\/?page_id=73"},"modified":"2019-07-30T21:59:18","modified_gmt":"2019-07-30T19:59:18","slug":"livre-d-or","status":"publish","type":"page","link":"https:\/\/hebergementchezmaria.com\/en\/livre-d-or\/","title":{"rendered":"Livre d&rsquo;Or"},"content":{"rendered":"<div data-elementor-type=\"wp-post\" data-elementor-id=\"73\" class=\"elementor elementor-73\" data-elementor-settings=\"[]\">\n\t\t\t\t\t\t<div class=\"elementor-inner\">\n\t\t\t\t\t\t\t<div class=\"elementor-section-wrap\">\n\t\t\t\t\t\t\t<section class=\"elementor-section elementor-top-section elementor-element elementor-element-3eeacb5f elementor-section-boxed elementor-section-height-default elementor-section-height-default\" data-id=\"3eeacb5f\" data-element_type=\"section\">\n\t\t\t\t\t\t<div class=\"elementor-container elementor-column-gap-default\">\n\t\t\t\t\t\t\t<div class=\"elementor-row\">\n\t\t\t\t\t<div class=\"elementor-column elementor-col-100 elementor-top-column elementor-element elementor-element-397be028\" data-id=\"397be028\" data-element_type=\"column\">\n\t\t\t<div class=\"elementor-column-wrap elementor-element-populated\">\n\t\t\t\t\t\t\t<div class=\"elementor-widget-wrap\">\n\t\t\t\t\t\t<div class=\"elementor-element elementor-element-64649fc elementor-view-framed elementor-shape-circle elementor-widget elementor-widget-icon\" data-id=\"64649fc\" data-element_type=\"widget\" data-widget_type=\"icon.default\">\n\t\t\t\t<div class=\"elementor-widget-container\">\n\t\t\t\t\t<div class=\"elementor-icon-wrapper\">\n\t\t\t<div class=\"elementor-icon\">\n\t\t\t<i aria-hidden=\"true\" class=\"fas fa-thumbs-up\"><\/i>\t\t\t<\/div>\n\t\t<\/div>\n\t\t\t\t<\/div>\n\t\t\t\t<\/div>\n\t\t\t\t<div class=\"elementor-element elementor-element-e61753d elementor-widget elementor-widget-spacer\" data-id=\"e61753d\" data-element_type=\"widget\" data-widget_type=\"spacer.default\">\n\t\t\t\t<div class=\"elementor-widget-container\">\n\t\t\t\t\t<div class=\"elementor-spacer\">\n\t\t\t<div class=\"elementor-spacer-inner\"><\/div>\n\t\t<\/div>\n\t\t\t\t<\/div>\n\t\t\t\t<\/div>\n\t\t\t\t<div class=\"elementor-element elementor-element-6d1b7d3f elementor-widget elementor-widget-shortcode\" data-id=\"6d1b7d3f\" data-element_type=\"widget\" data-widget_type=\"shortcode.default\">\n\t\t\t\t<div class=\"elementor-widget-container\">\n\t\t\t\t\t<div class=\"elementor-shortcode\">\t\t<div class=\"testimonials-wrapper columns-1\">\r\n\t\t\r\n<article id=\"post-249\" class=\"post-249 cptp-testimonial type-cptp-testimonial status-publish hentry\">\r\n    <div class=\"testimonial-wrapper\">\r\n        <div class=\"entry-content\">\r\n            <p>Laissez-nous, un mot, un sourire, une photo, un souvenir \u2026 Maria vous en remerciera !<\/p>\n        <\/div><!-- .entry-content -->\r\n        <header class=\"entry-header\">\r\n            <h2 class=\"entry-title\"><a href=\"https:\/\/hebergementchezmaria.com\/en\/testimonial\/chez-maria-team\/\" rel=\"bookmark\">\u2014 L&rsquo;\u00e9quipe de Chez Maria<\/a><\/h2>        <\/header><!-- .entry-header -->\r\n\r\n    <\/div>\r\n<\/article><!-- #post-249 -->\r\n\t\t<\/div>\r\n\t\t<\/div>\n\t\t\t\t<\/div>\n\t\t\t\t<\/div>\n\t\t\t\t<div class=\"elementor-element elementor-element-d8c5c26 elementor-widget elementor-widget-spacer\" data-id=\"d8c5c26\" data-element_type=\"widget\" data-widget_type=\"spacer.default\">\n\t\t\t\t<div class=\"elementor-widget-container\">\n\t\t\t\t\t<div class=\"elementor-spacer\">\n\t\t\t<div class=\"elementor-spacer-inner\"><\/div>\n\t\t<\/div>\n\t\t\t\t<\/div>\n\t\t\t\t<\/div>\n\t\t\t\t\t\t<\/div>\n\t\t\t\t\t<\/div>\n\t\t<\/div>\n\t\t\t\t\t\t\t\t<\/div>\n\t\t\t\t\t<\/div>\n\t\t<\/section>\n\t\t\t\t<section class=\"elementor-section elementor-top-section elementor-element elementor-element-98d55e5 elementor-section-boxed elementor-section-height-default elementor-section-height-default\" data-id=\"98d55e5\" data-element_type=\"section\">\n\t\t\t\t\t\t<div class=\"elementor-container elementor-column-gap-default\">\n\t\t\t\t\t\t\t<div class=\"elementor-row\">\n\t\t\t\t\t<div class=\"elementor-column elementor-col-100 elementor-top-column elementor-element elementor-element-96816e0\" data-id=\"96816e0\" data-element_type=\"column\">\n\t\t\t<div class=\"elementor-column-wrap elementor-element-populated\">\n\t\t\t\t\t\t\t<div class=\"elementor-widget-wrap\">\n\t\t\t\t\t\t<div class=\"elementor-element elementor-element-3f4c2e2 elementor-widget elementor-widget-image\" data-id=\"3f4c2e2\" data-element_type=\"widget\" data-widget_type=\"image.default\">\n\t\t\t\t<div class=\"elementor-widget-container\">\n\t\t\t\t\t\t\t\t<div class=\"elementor-image\">\n\t\t\t\t\t\t\t\t\t\t\t\t<img width=\"746\" height=\"492\" src=\"https:\/\/i0.wp.com\/hebergementchezmaria.com\/wp-content\/uploads\/2019\/07\/hebergement-chez-maria-jardin-exterieur-livre-d-or.png?fit=746%2C492&amp;ssl=1\" class=\"attachment-large size-large\" alt=\"\" srcset=\"https:\/\/i0.wp.com\/hebergementchezmaria.com\/wp-content\/uploads\/2019\/07\/hebergement-chez-maria-jardin-exterieur-livre-d-or.png?w=2000&amp;ssl=1 2000w, https:\/\/i0.wp.com\/hebergementchezmaria.com\/wp-content\/uploads\/2019\/07\/hebergement-chez-maria-jardin-exterieur-livre-d-or.png?resize=300%2C198&amp;ssl=1 300w, https:\/\/i0.wp.com\/hebergementchezmaria.com\/wp-content\/uploads\/2019\/07\/hebergement-chez-maria-jardin-exterieur-livre-d-or.png?resize=768%2C506&amp;ssl=1 768w, https:\/\/i0.wp.com\/hebergementchezmaria.com\/wp-content\/uploads\/2019\/07\/hebergement-chez-maria-jardin-exterieur-livre-d-or.png?resize=1024%2C675&amp;ssl=1 1024w, https:\/\/i0.wp.com\/hebergementchezmaria.com\/wp-content\/uploads\/2019\/07\/hebergement-chez-maria-jardin-exterieur-livre-d-or.png?resize=891%2C588&amp;ssl=1 891w, https:\/\/i0.wp.com\/hebergementchezmaria.com\/wp-content\/uploads\/2019\/07\/hebergement-chez-maria-jardin-exterieur-livre-d-or.png?w=1492&amp;ssl=1 1492w\" sizes=\"(max-width: 746px) 100vw, 746px\" data-attachment-id=\"1173\" data-permalink=\"https:\/\/hebergementchezmaria.com\/en\/livre-d-or\/hebergement-chez-maria-jardin-exterieur-livre-d-or\/\" data-orig-file=\"https:\/\/i0.wp.com\/hebergementchezmaria.com\/wp-content\/uploads\/2019\/07\/hebergement-chez-maria-jardin-exterieur-livre-d-or.png?fit=2000%2C1319&amp;ssl=1\" data-orig-size=\"2000,1319\" data-comments-opened=\"1\" data-image-meta=\"{&quot;aperture&quot;:&quot;0&quot;,&quot;credit&quot;:&quot;&quot;,&quot;camera&quot;:&quot;&quot;,&quot;caption&quot;:&quot;&quot;,&quot;created_timestamp&quot;:&quot;0&quot;,&quot;copyright&quot;:&quot;&quot;,&quot;focal_length&quot;:&quot;0&quot;,&quot;iso&quot;:&quot;0&quot;,&quot;shutter_speed&quot;:&quot;0&quot;,&quot;title&quot;:&quot;&quot;,&quot;orientation&quot;:&quot;0&quot;}\" data-image-title=\"hebergement-chez-maria-jardin-exterieur-livre-d-or\" data-image-description=\"\" data-image-caption=\"\" data-medium-file=\"https:\/\/i0.wp.com\/hebergementchezmaria.com\/wp-content\/uploads\/2019\/07\/hebergement-chez-maria-jardin-exterieur-livre-d-or.png?fit=300%2C198&amp;ssl=1\" data-large-file=\"https:\/\/i0.wp.com\/hebergementchezmaria.com\/wp-content\/uploads\/2019\/07\/hebergement-chez-maria-jardin-exterieur-livre-d-or.png?fit=746%2C492&amp;ssl=1\" \/>\t\t\t\t\t\t\t\t\t\t\t\t\t\t<\/div>\n\t\t\t\t\t\t<\/div>\n\t\t\t\t<\/div>\n\t\t\t\t\t\t<\/div>\n\t\t\t\t\t<\/div>\n\t\t<\/div>\n\t\t\t\t\t\t\t\t<\/div>\n\t\t\t\t\t<\/div>\n\t\t<\/section>\n\t\t\t\t\t\t<\/div>\n\t\t\t\t\t\t<\/div>\n\t\t\t\t\t<\/div>","protected":false},"excerpt":{"rendered":"","protected":false},"author":1,"featured_media":0,"parent":0,"menu_order":0,"comment_status":"closed","ping_status":"closed","template":"","meta":{"spay_email":""},"jetpack_sharing_enabled":true,"jetpack_shortlink":"https:\/\/wp.me\/PaP54C-1b","jetpack-related-posts":[{"id":1101,"url":"https:\/\/hebergementchezmaria.com\/en\/testimonials\/?lang=en","url_meta":{"origin":73,"position":0},"title":"Testimonials","date":"23 July 2019","format":false,"excerpt":"","rel":"","context":"Similar post","img":{"alt_text":"","src":"https:\/\/i0.wp.com\/hebergementchezmaria.com\/wp-content\/uploads\/2019\/07\/hebergement-chez-maria-en-champagne-celles-sur-ource-chambre-detail-21-1024x683.jpg?resize=350%2C200","width":350,"height":200},"classes":[]},{"id":287,"url":"https:\/\/hebergementchezmaria.com\/en\/home\/?lang=en","url_meta":{"origin":73,"position":1},"title":"Welcome in this peaceful world !","date":"26 March 2019","format":false,"excerpt":"\u2014 Celles sur Ource, C\u00f4te des Bar, Champagne-Ardenne, France","rel":"","context":"Similar post","img":{"alt_text":"","src":"https:\/\/i0.wp.com\/hebergementchezmaria.com\/wp-content\/uploads\/2019\/07\/hebergement-chez-maria-en-champagne-celles-sur-ource-01.jpg?fit=1200%2C942&ssl=1&resize=350%2C200","width":350,"height":200},"classes":[]},{"id":98,"url":"https:\/\/hebergementchezmaria.com\/en\/","url_meta":{"origin":73,"position":2},"title":"\u00ab\u00a0L\u00e0 tout n&rsquo;est qu&rsquo;ordre et beaut\u00e9, luxe, calme et volupt\u00e9\u00a0\u00bb                             Invitation au voyage, Baudelaire.","date":"13 August 2018","format":false,"excerpt":"\u2014 Celles sur Ource, C\u00f4te des Bar, Champagne-Ardenne, France","rel":"","context":"Similar post","img":{"alt_text":"","src":"https:\/\/i0.wp.com\/hebergementchezmaria.com\/wp-content\/uploads\/2021\/08\/hebergement-chez-maria-en-champagne-celles-sur-ource-01.jpg?fit=1034%2C812&ssl=1&resize=350%2C200","width":350,"height":200},"classes":[]},{"id":496,"url":"https:\/\/hebergementchezmaria.com\/en\/amenities-included\/?lang=en","url_meta":{"origin":73,"position":3},"title":"Services &#038; Activities","date":"5 June 2019","format":false,"excerpt":"We offer you many opportunities to enhance your trip; you'll have everything for short or long stays, for business or family. Benefit from a price advantage by choosing and booking these activities through the Chez Maria team! \u00a0","rel":"","context":"Similar post","img":{"alt_text":"","src":"","width":0,"height":0},"classes":[]},{"id":26,"url":"https:\/\/hebergementchezmaria.com\/en\/confirmation-de-reservation\/transaction-failed\/","url_meta":{"origin":73,"position":4},"title":"Transaction Failed","date":"26 March 2019","format":false,"excerpt":"Unfortunately, your transaction cannot be completed at this time. Please try again or contact us.","rel":"","context":"Similar post","img":{"alt_text":"","src":"","width":0,"height":0},"classes":[]},{"id":268,"url":"https:\/\/hebergementchezmaria.com\/en\/confirmation-de-reservation-2\/transaction-failed\/","url_meta":{"origin":73,"position":5},"title":"Transaction Failed","date":"13 August 2018","format":false,"excerpt":"Unfortunately, your transaction cannot be completed at this time. Please try again or contact us.","rel":"","context":"Similar post","img":{"alt_text":"","src":"","width":0,"height":0},"classes":[]}],"_links":{"self":[{"href":"https:\/\/hebergementchezmaria.com\/en\/wp-json\/wp\/v2\/pages\/73"}],"collection":[{"href":"https:\/\/hebergementchezmaria.com\/en\/wp-json\/wp\/v2\/pages"}],"about":[{"href":"https:\/\/hebergementchezmaria.com\/en\/wp-json\/wp\/v2\/types\/page"}],"author":[{"embeddable":true,"href":"https:\/\/hebergementchezmaria.com\/en\/wp-json\/wp\/v2\/users\/1"}],"replies":[{"embeddable":true,"href":"https:\/\/hebergementchezmaria.com\/en\/wp-json\/wp\/v2\/comments?post=73"}],"version-history":[{"count":7,"href":"https:\/\/hebergementchezmaria.com\/en\/wp-json\/wp\/v2\/pages\/73\/revisions"}],"predecessor-version":[{"id":1175,"href":"https:\/\/hebergementchezmaria.com\/en\/wp-json\/wp\/v2\/pages\/73\/revisions\/1175"}],"wp:attachment":[{"href":"https:\/\/hebergementchezmaria.com\/en\/wp-json\/wp\/v2\/media?parent=73"}],"curies":[{"name":"wp","href":"https:\/\/api.w.org\/{rel}","templated":true}]}}