{"id":583,"date":"2019-06-06T20:19:24","date_gmt":"2019-06-06T18:19:24","guid":{"rendered":"http:\/\/hebergementchezmaria.com\/site\/?page_id=583"},"modified":"2019-06-06T20:19:29","modified_gmt":"2019-06-06T18:19:29","slug":"search-results","status":"publish","type":"page","link":"https:\/\/hebergementchezmaria.com\/en\/search-results\/?lang=en","title":{"rendered":"Search Results"},"content":{"rendered":"<div class=\"mphb_sc_search_results-wrapper\"><div class=\"mphb-errors-wrapper\">\r\n\t<\/div>\r\n\r\n<\/div>","protected":false},"excerpt":{"rendered":"","protected":false},"author":1,"featured_media":0,"parent":0,"menu_order":0,"comment_status":"closed","ping_status":"closed","template":"template-page-wide.php","meta":{"spay_email":""},"jetpack_sharing_enabled":true,"jetpack_shortlink":"https:\/\/wp.me\/PaP54C-9p","jetpack-related-posts":[{"id":262,"url":"https:\/\/hebergementchezmaria.com\/en\/recherche\/","url_meta":{"origin":583,"position":0},"title":"Rechercher","date":"13 August 2018","format":false,"excerpt":"Reservez via AIRBNB R\u00e9servez via Gites de France V\u00e9rifiez les disponibilit\u00e9s :","rel":"","context":"Similar post","img":{"alt_text":"","src":"","width":0,"height":0},"classes":[]},{"id":21,"url":"https:\/\/hebergementchezmaria.com\/en\/resultats-de-la-recherche\/","url_meta":{"origin":583,"position":1},"title":"R\u00e9sultats de la recherche","date":"26 March 2019","format":false,"excerpt":"","rel":"","context":"Similar post","img":{"alt_text":"","src":"","width":0,"height":0},"classes":[]}],"_links":{"self":[{"href":"https:\/\/hebergementchezmaria.com\/en\/wp-json\/wp\/v2\/pages\/583"}],"collection":[{"href":"https:\/\/hebergementchezmaria.com\/en\/wp-json\/wp\/v2\/pages"}],"about":[{"href":"https:\/\/hebergementchezmaria.com\/en\/wp-json\/wp\/v2\/types\/page"}],"author":[{"embeddable":true,"href":"https:\/\/hebergementchezmaria.com\/en\/wp-json\/wp\/v2\/users\/1"}],"replies":[{"embeddable":true,"href":"https:\/\/hebergementchezmaria.com\/en\/wp-json\/wp\/v2\/comments?post=583"}],"version-history":[{"count":1,"href":"https:\/\/hebergementchezmaria.com\/en\/wp-json\/wp\/v2\/pages\/583\/revisions"}],"predecessor-version":[{"id":585,"href":"https:\/\/hebergementchezmaria.com\/en\/wp-json\/wp\/v2\/pages\/583\/revisions\/585"}],"wp:attachment":[{"href":"https:\/\/hebergementchezmaria.com\/en\/wp-json\/wp\/v2\/media?parent=583"}],"curies":[{"name":"wp","href":"https:\/\/api.w.org\/{rel}","templated":true}]}}