{"id":569,"date":"2019-06-05T21:58:45","date_gmt":"2019-06-05T19:58:45","guid":{"rendered":"http:\/\/hebergementchezmaria.com\/site\/?page_id=569"},"modified":"2019-08-19T20:39:40","modified_gmt":"2019-08-19T18:39:40","slug":"panier-du-terroir-local","status":"publish","type":"page","link":"https:\/\/hebergementchezmaria.com\/en\/panier-du-terroir-local\/","title":{"rendered":"Panier du Terroir Local"},"content":{"rendered":"<div data-elementor-type=\"wp-post\" data-elementor-id=\"569\" class=\"elementor elementor-569\" data-elementor-settings=\"[]\">\n\t\t\t\t\t\t<div class=\"elementor-inner\">\n\t\t\t\t\t\t\t<div class=\"elementor-section-wrap\">\n\t\t\t\t\t\t\t<section class=\"elementor-section elementor-top-section elementor-element elementor-element-6305af62 elementor-section-boxed elementor-section-height-default elementor-section-height-default\" data-id=\"6305af62\" data-element_type=\"section\">\n\t\t\t\t\t\t<div class=\"elementor-container elementor-column-gap-default\">\n\t\t\t\t\t\t\t<div class=\"elementor-row\">\n\t\t\t\t\t<div class=\"elementor-column elementor-col-100 elementor-top-column elementor-element elementor-element-b9edd4a\" data-id=\"b9edd4a\" data-element_type=\"column\">\n\t\t\t<div class=\"elementor-column-wrap elementor-element-populated\">\n\t\t\t\t\t\t\t<div class=\"elementor-widget-wrap\">\n\t\t\t\t\t\t<div class=\"elementor-element elementor-element-2fe397c elementor-view-framed elementor-shape-circle elementor-widget elementor-widget-icon\" data-id=\"2fe397c\" data-element_type=\"widget\" data-widget_type=\"icon.default\">\n\t\t\t\t<div class=\"elementor-widget-container\">\n\t\t\t\t\t<div class=\"elementor-icon-wrapper\">\n\t\t\t<div class=\"elementor-icon\">\n\t\t\t<i aria-hidden=\"true\" class=\"fas fa-shopping-basket\"><\/i>\t\t\t<\/div>\n\t\t<\/div>\n\t\t\t\t<\/div>\n\t\t\t\t<\/div>\n\t\t\t\t\t\t<\/div>\n\t\t\t\t\t<\/div>\n\t\t<\/div>\n\t\t\t\t\t\t\t\t<\/div>\n\t\t\t\t\t<\/div>\n\t\t<\/section>\n\t\t\t\t<section class=\"elementor-section elementor-top-section elementor-element elementor-element-fd18a00 elementor-section-boxed elementor-section-height-default elementor-section-height-default\" data-id=\"fd18a00\" data-element_type=\"section\">\n\t\t\t\t\t\t<div class=\"elementor-container elementor-column-gap-default\">\n\t\t\t\t\t\t\t<div class=\"elementor-row\">\n\t\t\t\t\t<div class=\"elementor-column elementor-col-100 elementor-top-column elementor-element elementor-element-eed8b7c\" data-id=\"eed8b7c\" data-element_type=\"column\">\n\t\t\t<div class=\"elementor-column-wrap elementor-element-populated\">\n\t\t\t\t\t\t\t<div class=\"elementor-widget-wrap\">\n\t\t\t\t\t\t<div class=\"elementor-element elementor-element-23862f2 elementor-widget elementor-widget-text-editor\" data-id=\"23862f2\" data-element_type=\"widget\" data-widget_type=\"text-editor.default\">\n\t\t\t\t<div class=\"elementor-widget-container\">\n\t\t\t\t\t\t\t\t<div class=\"elementor-text-editor elementor-clearfix\">\n\t\t\t\t<p>Nous attendons encore un peu avant de mettre ce service pour nos h\u00f4tes en place.<\/p>\n<p><em><strong>Plus d&rsquo;informations prochainement &#8230;<\/strong><\/em><\/p>\t\t\t\t\t<\/div>\n\t\t\t\t\t\t<\/div>\n\t\t\t\t<\/div>\n\t\t\t\t\t\t<\/div>\n\t\t\t\t\t<\/div>\n\t\t<\/div>\n\t\t\t\t\t\t\t\t<\/div>\n\t\t\t\t\t<\/div>\n\t\t<\/section>\n\t\t\t\t\t\t<\/div>\n\t\t\t\t\t\t<\/div>\n\t\t\t\t\t<\/div>","protected":false},"excerpt":{"rendered":"<p>Nous attendons encore un peu avant de mettre ce service pour nos h\u00f4tes en place. Plus d&rsquo;informations prochainement &#8230;<\/p>","protected":false},"author":1,"featured_media":0,"parent":0,"menu_order":0,"comment_status":"closed","ping_status":"closed","template":"","meta":{"spay_email":""},"jetpack_sharing_enabled":true,"jetpack_shortlink":"https:\/\/wp.me\/PaP54C-9b","jetpack-related-posts":[{"id":1271,"url":"https:\/\/hebergementchezmaria.com\/en\/panier-du-terroir-local\/?lang=en","url_meta":{"origin":569,"position":0},"title":"Local Campaign Basket","date":"5 June 2019","format":false,"excerpt":"We are still waiting a bit before putting this service for our guests up.More information soon ...","rel":"","context":"Similar post","img":{"alt_text":"","src":"","width":0,"height":0},"classes":[]},{"id":3,"url":"https:\/\/hebergementchezmaria.com\/en\/politique-de-confidentialite\/","url_meta":{"origin":569,"position":1},"title":"Politique de confidentialit\u00e9","date":"19 March 2019","format":false,"excerpt":"Qui sommes-nous\u00a0? L\u2019adresse de notre site Web est\u00a0: http:\/\/hebergementchezmaria.com\/ Utilisation des donn\u00e9es personnelles collect\u00e9es Commentaires Quand vous laissez un commentaire sur notre site web, les donn\u00e9es inscrites dans le formulaire de commentaire, mais aussi votre adresse IP et l\u2019agent utilisateur de votre navigateur sont collect\u00e9s pour nous aider \u00e0 la\u2026","rel":"","context":"Similar post","img":{"alt_text":"","src":"","width":0,"height":0},"classes":[]},{"id":260,"url":"https:\/\/hebergementchezmaria.com\/en\/detail-maison-maria\/","url_meta":{"origin":569,"position":2},"title":"La Maison de Maria dans le d\u00e9tail","date":"13 August 2018","format":false,"excerpt":"L\u2019esprit campagne r\u00e9gnant, c\u2019est \u00e9galement un s\u00e9jour rempli d\u2019authenticit\u00e9, de valeurs familiales,de souvenirs et d\u2019anecdotes locales que vous promet la maison de la grand-m\u00e8re Maria.Visitons ensemble :Au rez-de-chauss\u00e9e se trouve l\u2019entr\u00e9e principale ainsi que la cuisine \u00e9quip\u00e9e qui vous m\u00e8ne au jardin Bio de Maria ; pas de panique sa\u2026","rel":"","context":"Similar post","img":{"alt_text":"","src":"https:\/\/i0.wp.com\/hebergementchezmaria.com\/wp-content\/uploads\/2021\/08\/hebergement-chez-maria-en-champagne-celles-sur-ource-chambre-12-1024x683-v2.jpeg?resize=350%2C200&ssl=1","width":350,"height":200},"classes":[]},{"id":80,"url":"https:\/\/hebergementchezmaria.com\/en\/apero-champagne-brioche\/","url_meta":{"origin":569,"position":3},"title":"Ap\u00e9ro Champagne &#038; Brioche","date":"13 August 2018","format":false,"excerpt":"Un ap\u00e9ritif complet local vous branche pour f\u00eater votre arriv\u00e9e ? Nous pouvons, \u00e0 l\u2019avance, vous pr\u00e9parer soigneusement une ou plusieurs bouteilles fra\u00eeches de Champagne, et nous les accompagnerons d\u2019une brioche au chaource, saveur locale qui vous donnera envie de ne plus repartir. Tarif Champagne + Brioche : 37 \u20ac\u2026","rel":"","context":"Similar post","img":{"alt_text":"","src":"https:\/\/i0.wp.com\/hebergementchezmaria.com\/wp-content\/uploads\/2019\/07\/option-champagne-brioche-hebergement-chez-maria.jpg?resize=350%2C200&ssl=1","width":350,"height":200},"classes":[]},{"id":1265,"url":"https:\/\/hebergementchezmaria.com\/en\/apero-champagne-brioche\/?lang=en","url_meta":{"origin":569,"position":4},"title":"Aperitif Champagne &#038; Brioche","date":"13 August 2018","format":false,"excerpt":"A local full appetizer tempts you to celebrate your arrival? We can, in advance, carefully prepare one or more fresh bottles of Champagne, and we will accompany them with a brioche chaource, local flavor that will make you want to stay.Champagne + Brioche price: 37 \u20ac(Cuv\u00e9e Blanc de Noirs- Vieilles\u2026","rel":"","context":"Similar post","img":{"alt_text":"","src":"https:\/\/i0.wp.com\/hebergementchezmaria.com\/wp-content\/uploads\/2019\/07\/option-champagne-brioche-hebergement-chez-maria.jpg?resize=350%2C200&ssl=1","width":350,"height":200},"classes":[]},{"id":576,"url":"https:\/\/hebergementchezmaria.com\/en\/the-house-chez-maria-in-detail\/?lang=en","url_meta":{"origin":569,"position":5},"title":"The House Chez Maria in detail","date":"13 August 2018","format":false,"excerpt":"The spirit prevailing campaign, it is also a stay filled with authenticity, family values,memories and local anecdotes that promise you the house of grandma Maria.Let's visit together:On the ground floor is the main entrance and the kitchen which leads you to the Bio garden of Maria; do not panic its\u2026","rel":"","context":"Similar post","img":{"alt_text":"","src":"https:\/\/i0.wp.com\/hebergementchezmaria.com\/wp-content\/uploads\/2019\/07\/hebergement-chez-maria-cuisine-nous-contacter-contact-1024x683.jpeg?resize=350%2C200&ssl=1","width":350,"height":200},"classes":[]}],"_links":{"self":[{"href":"https:\/\/hebergementchezmaria.com\/en\/wp-json\/wp\/v2\/pages\/569"}],"collection":[{"href":"https:\/\/hebergementchezmaria.com\/en\/wp-json\/wp\/v2\/pages"}],"about":[{"href":"https:\/\/hebergementchezmaria.com\/en\/wp-json\/wp\/v2\/types\/page"}],"author":[{"embeddable":true,"href":"https:\/\/hebergementchezmaria.com\/en\/wp-json\/wp\/v2\/users\/1"}],"replies":[{"embeddable":true,"href":"https:\/\/hebergementchezmaria.com\/en\/wp-json\/wp\/v2\/comments?post=569"}],"version-history":[{"count":4,"href":"https:\/\/hebergementchezmaria.com\/en\/wp-json\/wp\/v2\/pages\/569\/revisions"}],"predecessor-version":[{"id":1225,"href":"https:\/\/hebergementchezmaria.com\/en\/wp-json\/wp\/v2\/pages\/569\/revisions\/1225"}],"wp:attachment":[{"href":"https:\/\/hebergementchezmaria.com\/en\/wp-json\/wp\/v2\/media?parent=569"}],"curies":[{"name":"wp","href":"https:\/\/api.w.org\/{rel}","templated":true}]}}