{"id":493,"date":"2019-06-05T20:02:22","date_gmt":"2019-06-05T18:02:22","guid":{"rendered":"http:\/\/hebergementchezmaria.com\/site\/?page_id=493"},"modified":"2019-09-04T21:30:50","modified_gmt":"2019-09-04T19:30:50","slug":"book-online","status":"publish","type":"page","link":"https:\/\/hebergementchezmaria.com\/en\/book-online\/?lang=en","title":{"rendered":"Book Online"},"content":{"rendered":"<div data-elementor-type=\"wp-post\" data-elementor-id=\"493\" class=\"elementor elementor-493\" data-elementor-settings=\"[]\">\n\t\t\t\t\t\t<div class=\"elementor-inner\">\n\t\t\t\t\t\t\t<div class=\"elementor-section-wrap\">\n\t\t\t\t\t\t\t<section class=\"elementor-section elementor-top-section elementor-element elementor-element-f6922e4 elementor-section-boxed elementor-section-height-default elementor-section-height-default\" data-id=\"f6922e4\" data-element_type=\"section\">\n\t\t\t\t\t\t<div class=\"elementor-container elementor-column-gap-default\">\n\t\t\t\t\t\t\t<div class=\"elementor-row\">\n\t\t\t\t\t<div class=\"elementor-column elementor-col-100 elementor-top-column elementor-element elementor-element-d410a8e\" data-id=\"d410a8e\" data-element_type=\"column\">\n\t\t\t<div class=\"elementor-column-wrap elementor-element-populated\">\n\t\t\t\t\t\t\t<div class=\"elementor-widget-wrap\">\n\t\t\t\t\t\t<div class=\"elementor-element elementor-element-cafa7e1 elementor-view-framed elementor-shape-circle elementor-widget elementor-widget-icon\" data-id=\"cafa7e1\" data-element_type=\"widget\" data-widget_type=\"icon.default\">\n\t\t\t\t<div class=\"elementor-widget-container\">\n\t\t\t\t\t<div class=\"elementor-icon-wrapper\">\n\t\t\t<div class=\"elementor-icon\">\n\t\t\t<i aria-hidden=\"true\" class=\"fas fa-shopping-cart\"><\/i>\t\t\t<\/div>\n\t\t<\/div>\n\t\t\t\t<\/div>\n\t\t\t\t<\/div>\n\t\t\t\t\t\t<\/div>\n\t\t\t\t\t<\/div>\n\t\t<\/div>\n\t\t\t\t\t\t\t\t<\/div>\n\t\t\t\t\t<\/div>\n\t\t<\/section>\n\t\t\t\t<section class=\"elementor-section elementor-top-section elementor-element elementor-element-58af51ec elementor-section-boxed elementor-section-height-default elementor-section-height-default\" data-id=\"58af51ec\" data-element_type=\"section\">\n\t\t\t\t\t\t<div class=\"elementor-container elementor-column-gap-default\">\n\t\t\t\t\t\t\t<div class=\"elementor-row\">\n\t\t\t\t\t<div class=\"elementor-column elementor-col-100 elementor-top-column elementor-element elementor-element-28259718\" data-id=\"28259718\" data-element_type=\"column\">\n\t\t\t<div class=\"elementor-column-wrap elementor-element-populated\">\n\t\t\t\t\t\t\t<div class=\"elementor-widget-wrap\">\n\t\t\t\t\t\t<div class=\"elementor-element elementor-element-189d8030 elementor-widget elementor-widget-text-editor\" data-id=\"189d8030\" data-element_type=\"widget\" data-widget_type=\"text-editor.default\">\n\t\t\t\t<div class=\"elementor-widget-container\">\n\t\t\t\t\t\t\t\t<div class=\"elementor-text-editor elementor-clearfix\">\n\t\t\t\t<p><!-- wp:paragraph --><\/p>\n<p>Specify your check-in and check-out dates and the number of people.<\/p>\n<p><!-- \/wp:paragraph --><\/p>\n<p><!-- wp:paragraph --><\/p>\n<p><div class=\"mphb_sc_search-wrapper\"><form method=\"GET\" class=\"mphb_sc_search-form\" action=\"https:\/\/hebergementchezmaria.com\/en\/recherche\/\" data-trp-original-action=\"https:\/\/hebergementchezmaria.com\/en\/recherche\/\">\r\n\r\n\t<p class = \"mphb-required-fields-tip\">\r\n\t<small>\r\n\t\tRequired fields are followed by\t\t<abbr title=\"required\">*<\/abbr>\r\n\t<\/small>\r\n<\/p>\r\n\t<p class=\"mphb_sc_search-check-in-date\">\r\n\t\t<label for=\"mphb_check_in_date-mphb-search-form-69f4e60072cd6\">\r\n\t\t\tCheck-in\t\t\t<abbr title=\"Formatted as dd\/mm\/yyyy\">*<\/abbr>\r\n\t\t<\/label>\r\n\t\t<br \/>\r\n\t\t<input\r\n\t\t\tid=\"mphb_check_in_date-mphb-search-form-69f4e60072cd6\"\r\n\t\t\tdata-datepick-group=\"mphb-search-form-69f4e60072cd6\"\r\n\t\t\tvalue=\"\"\r\n\t\t\tplaceholder=\"Check-in Date\"\r\n\t\t\trequired=\"required\"\r\n\t\t\ttype=\"text\"\r\n\t\t\tname=\"mphb_check_in_date\"\r\n\t\t\tclass=\"mphb-datepick\"\r\n\t\t\tautocomplete=\"off\"\r\n\t\t\t\/>\r\n\t<\/p>\r\n\r\n\t<p class=\"mphb_sc_search-check-out-date\">\r\n\t\t<label for=\"mphb_check_out_date-mphb-search-form-69f4e60072cd6\">\r\n\t\t\tCheck-out\t\t\t<abbr title=\"Formatted as dd\/mm\/yyyy\">*<\/abbr>\r\n\t\t<\/label>\r\n\t\t<br \/>\r\n\t\t<input\r\n\t\t\tid=\"mphb_check_out_date-mphb-search-form-69f4e60072cd6\"\r\n\t\t\tdata-datepick-group=\"mphb-search-form-69f4e60072cd6\"\r\n\t\t\tvalue=\"\"\r\n\t\t\tplaceholder=\"Check-out Date\"\r\n\t\t\trequired=\"required\"\r\n\t\t\ttype=\"text\"\r\n\t\t\tname=\"mphb_check_out_date\"\r\n\t\t\tclass=\"mphb-datepick\"\r\n\t\t\tautocomplete=\"off\"\r\n\t\t\t\/>\r\n\t<\/p>\r\n\r\n\t\t\t<p class=\"mphb_sc_search-adults\">\r\n\t\t\t<label for=\"mphb_adults-mphb-search-form-69f4e60072cd6\">\r\n\t\t\t\tGuests\t\t\t<\/label>\r\n\t\t\t<br \/>\r\n\t\t\t<select id=\"mphb_adults-mphb-search-form-69f4e60072cd6\" name=\"mphb_adults\" >\r\n\t\t\t\t\t\t\t\t\t<option value=\"1\"  selected='selected'>1<\/option>\r\n\t\t\t\t\t\t\t\t\t<option value=\"2\" >2<\/option>\r\n\t\t\t\t\t\t\t\t\t<option value=\"3\" >3<\/option>\r\n\t\t\t\t\t\t\t\t\t<option value=\"4\" >4<\/option>\r\n\t\t\t\t\t\t\t\t\t<option value=\"5\" >5<\/option>\r\n\t\t\t\t\t\t\t\t\t<option value=\"6\" >6<\/option>\r\n\t\t\t\t\t\t\t<\/select>\r\n\t\t<\/p>\r\n\t\r\n\t\t\t<input type=\"hidden\" id=\"mphb_children-mphb-search-form-69f4e60072cd6\" name=\"mphb_children\" value=\"0\" \/>\r\n\t\r\n\t\r\n\t\r\n\t<input id=\"mphb_check_in_date-mphb-search-form-69f4e60072cd6-hidden\" value=\"\" type=\"hidden\" name=\"mphb_check_in_date\" \/><input id=\"mphb_check_out_date-mphb-search-form-69f4e60072cd6-hidden\" value=\"\" type=\"hidden\" name=\"mphb_check_out_date\" \/>\r\n\t<p class=\"mphb_sc_search-submit-button-wrapper\">\r\n\t\t<input type=\"submit\" class=\"button\" value=\"Search\"\/>\r\n\t<\/p>\r\n\r\n\t\r\n<input type=\"hidden\" name=\"trp-form-language\" value=\"en\"\/><\/form><\/div><\/p>\n<p><!-- \/wp:paragraph --><\/p>\t\t\t\t\t<\/div>\n\t\t\t\t\t\t<\/div>\n\t\t\t\t<\/div>\n\t\t\t\t\t\t<\/div>\n\t\t\t\t\t<\/div>\n\t\t<\/div>\n\t\t\t\t\t\t\t\t<\/div>\n\t\t\t\t\t<\/div>\n\t\t<\/section>\n\t\t\t\t<section class=\"elementor-section elementor-top-section elementor-element elementor-element-0db67d8 elementor-section-boxed elementor-section-height-default elementor-section-height-default\" data-id=\"0db67d8\" data-element_type=\"section\">\n\t\t\t\t\t\t<div class=\"elementor-container elementor-column-gap-default\">\n\t\t\t\t\t\t\t<div class=\"elementor-row\">\n\t\t\t\t\t<div class=\"elementor-column elementor-col-100 elementor-top-column elementor-element elementor-element-d05a764\" data-id=\"d05a764\" data-element_type=\"column\">\n\t\t\t<div class=\"elementor-column-wrap elementor-element-populated\">\n\t\t\t\t\t\t\t<div class=\"elementor-widget-wrap\">\n\t\t\t\t\t\t<div class=\"elementor-element elementor-element-fec1a37 elementor-widget elementor-widget-spacer\" data-id=\"fec1a37\" data-element_type=\"widget\" data-widget_type=\"spacer.default\">\n\t\t\t\t<div class=\"elementor-widget-container\">\n\t\t\t\t\t<div class=\"elementor-spacer\">\n\t\t\t<div class=\"elementor-spacer-inner\"><\/div>\n\t\t<\/div>\n\t\t\t\t<\/div>\n\t\t\t\t<\/div>\n\t\t\t\t\t\t<\/div>\n\t\t\t\t\t<\/div>\n\t\t<\/div>\n\t\t\t\t\t\t\t\t<\/div>\n\t\t\t\t\t<\/div>\n\t\t<\/section>\n\t\t\t\t<section class=\"elementor-section elementor-top-section elementor-element elementor-element-55d9187 elementor-section-boxed elementor-section-height-default elementor-section-height-default\" data-id=\"55d9187\" data-element_type=\"section\">\n\t\t\t\t\t\t<div class=\"elementor-container elementor-column-gap-default\">\n\t\t\t\t\t\t\t<div class=\"elementor-row\">\n\t\t\t\t\t<div class=\"elementor-column elementor-col-100 elementor-top-column elementor-element elementor-element-0449a7b\" data-id=\"0449a7b\" data-element_type=\"column\">\n\t\t\t<div class=\"elementor-column-wrap elementor-element-populated\">\n\t\t\t\t\t\t\t<div class=\"elementor-widget-wrap\">\n\t\t\t\t\t\t<div class=\"elementor-element elementor-element-a60566b elementor-widget elementor-widget-image\" data-id=\"a60566b\" data-element_type=\"widget\" data-widget_type=\"image.default\">\n\t\t\t\t<div class=\"elementor-widget-container\">\n\t\t\t\t\t\t\t\t<div class=\"elementor-image\">\n\t\t\t\t\t\t\t\t\t\t\t\t<img width=\"746\" height=\"498\" src=\"https:\/\/i0.wp.com\/hebergementchezmaria.com\/wp-content\/uploads\/2019\/07\/hebergement-chez-maria-en-champagne-celles-sur-ource-details-01.jpeg?fit=746%2C498&amp;ssl=1\" class=\"attachment-large size-large\" alt=\"\" srcset=\"https:\/\/i0.wp.com\/hebergementchezmaria.com\/wp-content\/uploads\/2019\/07\/hebergement-chez-maria-en-champagne-celles-sur-ource-details-01.jpeg?w=1620&amp;ssl=1 1620w, https:\/\/i0.wp.com\/hebergementchezmaria.com\/wp-content\/uploads\/2019\/07\/hebergement-chez-maria-en-champagne-celles-sur-ource-details-01.jpeg?resize=300%2C200&amp;ssl=1 300w, https:\/\/i0.wp.com\/hebergementchezmaria.com\/wp-content\/uploads\/2019\/07\/hebergement-chez-maria-en-champagne-celles-sur-ource-details-01.jpeg?resize=768%2C512&amp;ssl=1 768w, https:\/\/i0.wp.com\/hebergementchezmaria.com\/wp-content\/uploads\/2019\/07\/hebergement-chez-maria-en-champagne-celles-sur-ource-details-01.jpeg?resize=1024%2C683&amp;ssl=1 1024w, https:\/\/i0.wp.com\/hebergementchezmaria.com\/wp-content\/uploads\/2019\/07\/hebergement-chez-maria-en-champagne-celles-sur-ource-details-01.jpeg?resize=891%2C594&amp;ssl=1 891w, https:\/\/i0.wp.com\/hebergementchezmaria.com\/wp-content\/uploads\/2019\/07\/hebergement-chez-maria-en-champagne-celles-sur-ource-details-01.jpeg?w=1492&amp;ssl=1 1492w\" sizes=\"(max-width: 746px) 100vw, 746px\" data-attachment-id=\"983\" data-permalink=\"https:\/\/hebergementchezmaria.com\/en\/hebergement-chez-maria-en-champagne-celles-sur-ource-details-01-2\/\" data-orig-file=\"https:\/\/i0.wp.com\/hebergementchezmaria.com\/wp-content\/uploads\/2019\/07\/hebergement-chez-maria-en-champagne-celles-sur-ource-details-01.jpeg?fit=1620%2C1080&amp;ssl=1\" data-orig-size=\"1620,1080\" data-comments-opened=\"1\" data-image-meta=\"{&quot;aperture&quot;:&quot;4.2&quot;,&quot;credit&quot;:&quot;&quot;,&quot;camera&quot;:&quot;NIKON D5300&quot;,&quot;caption&quot;:&quot;&quot;,&quot;created_timestamp&quot;:&quot;0&quot;,&quot;copyright&quot;:&quot;&quot;,&quot;focal_length&quot;:&quot;46&quot;,&quot;iso&quot;:&quot;800&quot;,&quot;shutter_speed&quot;:&quot;0.0125&quot;,&quot;title&quot;:&quot;&quot;,&quot;orientation&quot;:&quot;0&quot;}\" data-image-title=\"hebergement-chez-maria-en-champagne-celles-sur-ource-details-01\" data-image-description=\"\" data-image-caption=\"\" data-medium-file=\"https:\/\/i0.wp.com\/hebergementchezmaria.com\/wp-content\/uploads\/2019\/07\/hebergement-chez-maria-en-champagne-celles-sur-ource-details-01.jpeg?fit=300%2C200&amp;ssl=1\" data-large-file=\"https:\/\/i0.wp.com\/hebergementchezmaria.com\/wp-content\/uploads\/2019\/07\/hebergement-chez-maria-en-champagne-celles-sur-ource-details-01.jpeg?fit=746%2C498&amp;ssl=1\" \/>\t\t\t\t\t\t\t\t\t\t\t\t\t\t<\/div>\n\t\t\t\t\t\t<\/div>\n\t\t\t\t<\/div>\n\t\t\t\t\t\t<\/div>\n\t\t\t\t\t<\/div>\n\t\t<\/div>\n\t\t\t\t\t\t\t\t<\/div>\n\t\t\t\t\t<\/div>\n\t\t<\/section>\n\t\t\t\t\t\t<\/div>\n\t\t\t\t\t\t<\/div>\n\t\t\t\t\t<\/div>","protected":false},"excerpt":{"rendered":"<p>Specify your check-in and check-out dates and the number of people.<\/p>","protected":false},"author":1,"featured_media":0,"parent":0,"menu_order":0,"comment_status":"closed","ping_status":"closed","template":"","meta":{"spay_email":""},"jetpack_sharing_enabled":true,"jetpack_shortlink":"https:\/\/wp.me\/PaP54C-7X","jetpack-related-posts":[{"id":506,"url":"https:\/\/hebergementchezmaria.com\/en\/nous-contacter\/?lang=en","url_meta":{"origin":493,"position":0},"title":"Booking &#8211; Contact","date":"5 June 2019","format":false,"excerpt":"Specify your arrival and departure dates and the number of people. Celles sur Ource, C\u00f4te des Bar, Champagne-Ardenne, France +33 (0)3 25 38 57 27 info@hebergementchezmaria.com Leave us a message:","rel":"","context":"Similar post","img":{"alt_text":"","src":"https:\/\/i0.wp.com\/hebergementchezmaria.com\/wp-content\/uploads\/2019\/09\/meuble-de-tourisme-france-3-etoiles-hebergement-chez-maria-en-champagne.png?resize=350%2C200&ssl=1","width":350,"height":200},"classes":[]},{"id":287,"url":"https:\/\/hebergementchezmaria.com\/en\/home\/?lang=en","url_meta":{"origin":493,"position":1},"title":"Welcome in this peaceful world !","date":"26 March 2019","format":false,"excerpt":"\u2014 Celles sur Ource, C\u00f4te des Bar, Champagne-Ardenne, France","rel":"","context":"Similar post","img":{"alt_text":"","src":"https:\/\/i0.wp.com\/hebergementchezmaria.com\/wp-content\/uploads\/2019\/07\/hebergement-chez-maria-en-champagne-celles-sur-ource-01.jpg?fit=1200%2C942&ssl=1&resize=350%2C200","width":350,"height":200},"classes":[]},{"id":576,"url":"https:\/\/hebergementchezmaria.com\/en\/the-house-chez-maria-in-detail\/?lang=en","url_meta":{"origin":493,"position":2},"title":"The House Chez Maria in detail","date":"13 August 2018","format":false,"excerpt":"The spirit prevailing campaign, it is also a stay filled with authenticity, family values,memories and local anecdotes that promise you the house of grandma Maria.Let's visit together:On the ground floor is the main entrance and the kitchen which leads you to the Bio garden of Maria; do not panic its\u2026","rel":"","context":"Similar post","img":{"alt_text":"","src":"https:\/\/i0.wp.com\/hebergementchezmaria.com\/wp-content\/uploads\/2019\/07\/hebergement-chez-maria-cuisine-nous-contacter-contact-1024x683.jpeg?resize=350%2C200&ssl=1","width":350,"height":200},"classes":[]},{"id":1073,"url":"https:\/\/hebergementchezmaria.com\/en\/about-grandma-maria\/?lang=en","url_meta":{"origin":493,"position":3},"title":"About Grandma Maria","date":"23 July 2019","format":false,"excerpt":"Maria, delighted:Maria is one of his extraordinary women, who have undoubtedly left their mark; NOON, no such traces, not in the newspapers, not on a commemorative plaque or the name of a square. No, a true trace, in the memory, the respect of the genre, a trace in what defines\u2026","rel":"","context":"Similar post","img":{"alt_text":"","src":"https:\/\/i0.wp.com\/hebergementchezmaria.com\/wp-content\/uploads\/2019\/06\/hebergement-chez-maria-en-champagne-celles-sur-ource-remember.jpg?resize=350%2C200&ssl=1","width":350,"height":200},"classes":[]},{"id":261,"url":"https:\/\/hebergementchezmaria.com\/en\/reservation-en-ligne\/","url_meta":{"origin":493,"position":4},"title":"R\u00e9servation en ligne","date":"13 August 2018","format":false,"excerpt":"Sp\u00e9cifiez vos dates d'arriv\u00e9e et de d\u00e9part et le nombre de personnes.","rel":"","context":"Similar post","img":{"alt_text":"","src":"https:\/\/i0.wp.com\/hebergementchezmaria.com\/wp-content\/uploads\/2019\/07\/hebergement-chez-maria-en-champagne-celles-sur-ource-details-01-1024x683.jpeg?resize=350%2C200&ssl=1","width":350,"height":200},"classes":[]},{"id":1265,"url":"https:\/\/hebergementchezmaria.com\/en\/apero-champagne-brioche\/?lang=en","url_meta":{"origin":493,"position":5},"title":"Aperitif Champagne &#038; Brioche","date":"13 August 2018","format":false,"excerpt":"A local full appetizer tempts you to celebrate your arrival? We can, in advance, carefully prepare one or more fresh bottles of Champagne, and we will accompany them with a brioche chaource, local flavor that will make you want to stay.Champagne + Brioche price: 37 \u20ac(Cuv\u00e9e Blanc de Noirs- Vieilles\u2026","rel":"","context":"Similar post","img":{"alt_text":"","src":"https:\/\/i0.wp.com\/hebergementchezmaria.com\/wp-content\/uploads\/2019\/07\/option-champagne-brioche-hebergement-chez-maria.jpg?resize=350%2C200&ssl=1","width":350,"height":200},"classes":[]}],"_links":{"self":[{"href":"https:\/\/hebergementchezmaria.com\/en\/wp-json\/wp\/v2\/pages\/493"}],"collection":[{"href":"https:\/\/hebergementchezmaria.com\/en\/wp-json\/wp\/v2\/pages"}],"about":[{"href":"https:\/\/hebergementchezmaria.com\/en\/wp-json\/wp\/v2\/types\/page"}],"author":[{"embeddable":true,"href":"https:\/\/hebergementchezmaria.com\/en\/wp-json\/wp\/v2\/users\/1"}],"replies":[{"embeddable":true,"href":"https:\/\/hebergementchezmaria.com\/en\/wp-json\/wp\/v2\/comments?post=493"}],"version-history":[{"count":4,"href":"https:\/\/hebergementchezmaria.com\/en\/wp-json\/wp\/v2\/pages\/493\/revisions"}],"predecessor-version":[{"id":1437,"href":"https:\/\/hebergementchezmaria.com\/en\/wp-json\/wp\/v2\/pages\/493\/revisions\/1437"}],"wp:attachment":[{"href":"https:\/\/hebergementchezmaria.com\/en\/wp-json\/wp\/v2\/media?parent=493"}],"curies":[{"name":"wp","href":"https:\/\/api.w.org\/{rel}","templated":true}]}}