{"id":264,"date":"2018-08-13T09:21:19","date_gmt":"2018-08-13T09:21:19","guid":{"rendered":"https:\/\/themes.getmotopress.com\/ciestra\/booking-confirmation\/"},"modified":"2019-09-02T23:15:25","modified_gmt":"2019-09-02T21:15:25","slug":"confirmation-de-reservation-2","status":"publish","type":"page","link":"https:\/\/hebergementchezmaria.com\/en\/confirmation-de-reservation-2\/","title":{"rendered":"Confirmation de r\u00e9servation"},"content":{"rendered":"<div class=\"mphb_sc_checkout-wrapper\"><\/div>","protected":false},"excerpt":{"rendered":"","protected":false},"author":1,"featured_media":0,"parent":0,"menu_order":0,"comment_status":"closed","ping_status":"closed","template":"","meta":{"spay_email":""},"jetpack_sharing_enabled":true,"jetpack_shortlink":"https:\/\/wp.me\/PaP54C-4g","jetpack-related-posts":[{"id":22,"url":"https:\/\/hebergementchezmaria.com\/en\/confirmation-de-reservation\/","url_meta":{"origin":264,"position":0},"title":"Confirmation de r\u00e9servation","date":"26 March 2019","format":false,"excerpt":"","rel":"","context":"Similar post","img":{"alt_text":"","src":"","width":0,"height":0},"classes":[]},{"id":1318,"url":"https:\/\/hebergementchezmaria.com\/en\/confirmation-de-reservation-2\/?lang=en","url_meta":{"origin":264,"position":1},"title":"Booking Confirmed","date":"13 August 2018","format":false,"excerpt":"","rel":"","context":"Similar post","img":{"alt_text":"","src":"","width":0,"height":0},"classes":[]},{"id":23,"url":"https:\/\/hebergementchezmaria.com\/en\/confirmation-de-reservation\/reservation-confirmee\/","url_meta":{"origin":264,"position":2},"title":"R\u00e9servation confirm\u00e9e","date":"26 March 2019","format":false,"excerpt":"We are pleased to inform you that your reservation request has been received and confirmed.","rel":"","context":"Similar post","img":{"alt_text":"","src":"","width":0,"height":0},"classes":[]},{"id":265,"url":"https:\/\/hebergementchezmaria.com\/en\/confirmation-de-reservation-2\/booking-confirmed\/","url_meta":{"origin":264,"position":3},"title":"R\u00e9servation Confirm\u00e9e","date":"13 August 2018","format":false,"excerpt":"Nous avons le plaisir de vous informer que votre demande de r\u00e9servation a \u00e9t\u00e9 re\u00e7ue et est en cours de validation.","rel":"","context":"Similar post","img":{"alt_text":"","src":"","width":0,"height":0},"classes":[]},{"id":24,"url":"https:\/\/hebergementchezmaria.com\/en\/confirmation-de-reservation\/booking-canceled\/","url_meta":{"origin":264,"position":4},"title":"Booking Canceled","date":"26 March 2019","format":false,"excerpt":"Your reservation is canceled.","rel":"","context":"Similar post","img":{"alt_text":"","src":"","width":0,"height":0},"classes":[]},{"id":266,"url":"https:\/\/hebergementchezmaria.com\/en\/confirmation-de-reservation-2\/booking-canceled\/","url_meta":{"origin":264,"position":5},"title":"Booking Canceled","date":"13 August 2018","format":false,"excerpt":"Your reservation is canceled.","rel":"","context":"Similar post","img":{"alt_text":"","src":"","width":0,"height":0},"classes":[]}],"_links":{"self":[{"href":"https:\/\/hebergementchezmaria.com\/en\/wp-json\/wp\/v2\/pages\/264"}],"collection":[{"href":"https:\/\/hebergementchezmaria.com\/en\/wp-json\/wp\/v2\/pages"}],"about":[{"href":"https:\/\/hebergementchezmaria.com\/en\/wp-json\/wp\/v2\/types\/page"}],"author":[{"embeddable":true,"href":"https:\/\/hebergementchezmaria.com\/en\/wp-json\/wp\/v2\/users\/1"}],"replies":[{"embeddable":true,"href":"https:\/\/hebergementchezmaria.com\/en\/wp-json\/wp\/v2\/comments?post=264"}],"version-history":[{"count":2,"href":"https:\/\/hebergementchezmaria.com\/en\/wp-json\/wp\/v2\/pages\/264\/revisions"}],"predecessor-version":[{"id":1320,"href":"https:\/\/hebergementchezmaria.com\/en\/wp-json\/wp\/v2\/pages\/264\/revisions\/1320"}],"wp:attachment":[{"href":"https:\/\/hebergementchezmaria.com\/en\/wp-json\/wp\/v2\/media?parent=264"}],"curies":[{"name":"wp","href":"https:\/\/api.w.org\/{rel}","templated":true}]}}