{"id":261,"date":"2018-08-13T09:21:18","date_gmt":"2018-08-13T09:21:18","guid":{"rendered":"https:\/\/themes.getmotopress.com\/ciestra\/search-availability\/"},"modified":"2019-09-04T20:57:42","modified_gmt":"2019-09-04T18:57:42","slug":"reservation-en-ligne","status":"publish","type":"page","link":"https:\/\/hebergementchezmaria.com\/en\/reservation-en-ligne\/","title":{"rendered":"R\u00e9servation en ligne"},"content":{"rendered":"<div data-elementor-type=\"wp-post\" data-elementor-id=\"261\" class=\"elementor elementor-261\" data-elementor-settings=\"[]\">\n\t\t\t\t\t\t<div class=\"elementor-inner\">\n\t\t\t\t\t\t\t<div class=\"elementor-section-wrap\">\n\t\t\t\t\t\t\t<section class=\"elementor-section elementor-top-section elementor-element elementor-element-df3dbe8 elementor-section-boxed elementor-section-height-default elementor-section-height-default\" data-id=\"df3dbe8\" data-element_type=\"section\">\n\t\t\t\t\t\t<div class=\"elementor-container elementor-column-gap-default\">\n\t\t\t\t\t\t\t<div class=\"elementor-row\">\n\t\t\t\t\t<div class=\"elementor-column elementor-col-100 elementor-top-column elementor-element elementor-element-3e7fbc1\" data-id=\"3e7fbc1\" data-element_type=\"column\">\n\t\t\t<div class=\"elementor-column-wrap elementor-element-populated\">\n\t\t\t\t\t\t\t<div class=\"elementor-widget-wrap\">\n\t\t\t\t\t\t<div class=\"elementor-element elementor-element-999961e elementor-view-framed elementor-shape-circle elementor-widget elementor-widget-icon\" data-id=\"999961e\" data-element_type=\"widget\" data-widget_type=\"icon.default\">\n\t\t\t\t<div class=\"elementor-widget-container\">\n\t\t\t\t\t<div class=\"elementor-icon-wrapper\">\n\t\t\t<div class=\"elementor-icon\">\n\t\t\t<i aria-hidden=\"true\" class=\"fas fa-shopping-cart\"><\/i>\t\t\t<\/div>\n\t\t<\/div>\n\t\t\t\t<\/div>\n\t\t\t\t<\/div>\n\t\t\t\t\t\t<\/div>\n\t\t\t\t\t<\/div>\n\t\t<\/div>\n\t\t\t\t\t\t\t\t<\/div>\n\t\t\t\t\t<\/div>\n\t\t<\/section>\n\t\t\t\t<section class=\"elementor-section elementor-top-section elementor-element elementor-element-31c6ba3 elementor-section-boxed elementor-section-height-default elementor-section-height-default\" data-id=\"31c6ba3\" data-element_type=\"section\">\n\t\t\t\t\t\t<div class=\"elementor-container elementor-column-gap-default\">\n\t\t\t\t\t\t\t<div class=\"elementor-row\">\n\t\t\t\t\t<div class=\"elementor-column elementor-col-100 elementor-top-column elementor-element elementor-element-20b1a465\" data-id=\"20b1a465\" data-element_type=\"column\">\n\t\t\t<div class=\"elementor-column-wrap elementor-element-populated\">\n\t\t\t\t\t\t\t<div class=\"elementor-widget-wrap\">\n\t\t\t\t\t\t<div class=\"elementor-element elementor-element-65b368d elementor-widget elementor-widget-spacer\" data-id=\"65b368d\" data-element_type=\"widget\" data-widget_type=\"spacer.default\">\n\t\t\t\t<div class=\"elementor-widget-container\">\n\t\t\t\t\t<div class=\"elementor-spacer\">\n\t\t\t<div class=\"elementor-spacer-inner\"><\/div>\n\t\t<\/div>\n\t\t\t\t<\/div>\n\t\t\t\t<\/div>\n\t\t\t\t<div class=\"elementor-element elementor-element-21201711 elementor-widget elementor-widget-text-editor\" data-id=\"21201711\" data-element_type=\"widget\" data-widget_type=\"text-editor.default\">\n\t\t\t\t<div class=\"elementor-widget-container\">\n\t\t\t\t\t\t\t\t<div class=\"elementor-text-editor elementor-clearfix\">\n\t\t\t\tSp\u00e9cifiez vos dates d&rsquo;arriv\u00e9e et de d\u00e9part et le nombre de personnes.\n\n<div class=\"mphb_sc_search-wrapper\"><form method=\"GET\" class=\"mphb_sc_search-form\" action=\"https:\/\/hebergementchezmaria.com\/en\/recherche\/\" data-trp-original-action=\"https:\/\/hebergementchezmaria.com\/en\/recherche\/\">\r\n\r\n\t<p class = \"mphb-required-fields-tip\">\r\n\t<small>\r\n\t\tRequired fields are followed by\t\t<abbr title=\"required\">*<\/abbr>\r\n\t<\/small>\r\n<\/p>\r\n\t<p class=\"mphb_sc_search-check-in-date\">\r\n\t\t<label for=\"mphb_check_in_date-mphb-search-form-69eb98d455e9a\">\r\n\t\t\tCheck-in\t\t\t<abbr title=\"Formatted as dd\/mm\/yyyy\">*<\/abbr>\r\n\t\t<\/label>\r\n\t\t<br \/>\r\n\t\t<input\r\n\t\t\tid=\"mphb_check_in_date-mphb-search-form-69eb98d455e9a\"\r\n\t\t\tdata-datepick-group=\"mphb-search-form-69eb98d455e9a\"\r\n\t\t\tvalue=\"\"\r\n\t\t\tplaceholder=\"Check-in Date\"\r\n\t\t\trequired=\"required\"\r\n\t\t\ttype=\"text\"\r\n\t\t\tname=\"mphb_check_in_date\"\r\n\t\t\tclass=\"mphb-datepick\"\r\n\t\t\tautocomplete=\"off\"\r\n\t\t\t\/>\r\n\t<\/p>\r\n\r\n\t<p class=\"mphb_sc_search-check-out-date\">\r\n\t\t<label for=\"mphb_check_out_date-mphb-search-form-69eb98d455e9a\">\r\n\t\t\tCheck-out\t\t\t<abbr title=\"Formatted as dd\/mm\/yyyy\">*<\/abbr>\r\n\t\t<\/label>\r\n\t\t<br \/>\r\n\t\t<input\r\n\t\t\tid=\"mphb_check_out_date-mphb-search-form-69eb98d455e9a\"\r\n\t\t\tdata-datepick-group=\"mphb-search-form-69eb98d455e9a\"\r\n\t\t\tvalue=\"\"\r\n\t\t\tplaceholder=\"Check-out Date\"\r\n\t\t\trequired=\"required\"\r\n\t\t\ttype=\"text\"\r\n\t\t\tname=\"mphb_check_out_date\"\r\n\t\t\tclass=\"mphb-datepick\"\r\n\t\t\tautocomplete=\"off\"\r\n\t\t\t\/>\r\n\t<\/p>\r\n\r\n\t\t\t<p class=\"mphb_sc_search-adults\">\r\n\t\t\t<label for=\"mphb_adults-mphb-search-form-69eb98d455e9a\">\r\n\t\t\t\tGuests\t\t\t<\/label>\r\n\t\t\t<br \/>\r\n\t\t\t<select id=\"mphb_adults-mphb-search-form-69eb98d455e9a\" name=\"mphb_adults\" >\r\n\t\t\t\t\t\t\t\t\t<option value=\"1\"  selected='selected'>1<\/option>\r\n\t\t\t\t\t\t\t\t\t<option value=\"2\" >2<\/option>\r\n\t\t\t\t\t\t\t\t\t<option value=\"3\" >3<\/option>\r\n\t\t\t\t\t\t\t\t\t<option value=\"4\" >4<\/option>\r\n\t\t\t\t\t\t\t\t\t<option value=\"5\" >5<\/option>\r\n\t\t\t\t\t\t\t\t\t<option value=\"6\" >6<\/option>\r\n\t\t\t\t\t\t\t<\/select>\r\n\t\t<\/p>\r\n\t\r\n\t\t\t<input type=\"hidden\" id=\"mphb_children-mphb-search-form-69eb98d455e9a\" name=\"mphb_children\" value=\"0\" \/>\r\n\t\r\n\t\r\n\t\r\n\t<input id=\"mphb_check_in_date-mphb-search-form-69eb98d455e9a-hidden\" value=\"\" type=\"hidden\" name=\"mphb_check_in_date\" \/><input id=\"mphb_check_out_date-mphb-search-form-69eb98d455e9a-hidden\" value=\"\" type=\"hidden\" name=\"mphb_check_out_date\" \/>\r\n\t<p class=\"mphb_sc_search-submit-button-wrapper\">\r\n\t\t<input type=\"submit\" class=\"button\" value=\"Search\"\/>\r\n\t<\/p>\r\n\r\n\t\r\n<input type=\"hidden\" name=\"trp-form-language\" value=\"en\"\/><\/form><\/div>\t\t\t\t\t<\/div>\n\t\t\t\t\t\t<\/div>\n\t\t\t\t<\/div>\n\t\t\t\t<div class=\"elementor-element elementor-element-fb9cbd0 elementor-widget elementor-widget-spacer\" data-id=\"fb9cbd0\" data-element_type=\"widget\" data-widget_type=\"spacer.default\">\n\t\t\t\t<div class=\"elementor-widget-container\">\n\t\t\t\t\t<div class=\"elementor-spacer\">\n\t\t\t<div class=\"elementor-spacer-inner\"><\/div>\n\t\t<\/div>\n\t\t\t\t<\/div>\n\t\t\t\t<\/div>\n\t\t\t\t\t\t<\/div>\n\t\t\t\t\t<\/div>\n\t\t<\/div>\n\t\t\t\t\t\t\t\t<\/div>\n\t\t\t\t\t<\/div>\n\t\t<\/section>\n\t\t\t\t<section class=\"elementor-section elementor-top-section elementor-element elementor-element-a35f233 elementor-section-boxed elementor-section-height-default elementor-section-height-default\" data-id=\"a35f233\" data-element_type=\"section\">\n\t\t\t\t\t\t<div class=\"elementor-container elementor-column-gap-default\">\n\t\t\t\t\t\t\t<div class=\"elementor-row\">\n\t\t\t\t\t<div class=\"elementor-column elementor-col-100 elementor-top-column elementor-element elementor-element-0b929ac\" data-id=\"0b929ac\" data-element_type=\"column\">\n\t\t\t<div class=\"elementor-column-wrap elementor-element-populated\">\n\t\t\t\t\t\t\t<div class=\"elementor-widget-wrap\">\n\t\t\t\t\t\t<div class=\"elementor-element elementor-element-fc2fdfa elementor-widget elementor-widget-image\" data-id=\"fc2fdfa\" data-element_type=\"widget\" data-widget_type=\"image.default\">\n\t\t\t\t<div class=\"elementor-widget-container\">\n\t\t\t\t\t\t\t\t<div class=\"elementor-image\">\n\t\t\t\t\t\t\t\t\t\t\t\t<img width=\"746\" height=\"498\" src=\"https:\/\/i0.wp.com\/hebergementchezmaria.com\/wp-content\/uploads\/2019\/07\/hebergement-chez-maria-en-champagne-celles-sur-ource-details-01.jpeg?fit=746%2C498&amp;ssl=1\" class=\"attachment-large size-large\" alt=\"\" srcset=\"https:\/\/i0.wp.com\/hebergementchezmaria.com\/wp-content\/uploads\/2019\/07\/hebergement-chez-maria-en-champagne-celles-sur-ource-details-01.jpeg?w=1620&amp;ssl=1 1620w, https:\/\/i0.wp.com\/hebergementchezmaria.com\/wp-content\/uploads\/2019\/07\/hebergement-chez-maria-en-champagne-celles-sur-ource-details-01.jpeg?resize=300%2C200&amp;ssl=1 300w, https:\/\/i0.wp.com\/hebergementchezmaria.com\/wp-content\/uploads\/2019\/07\/hebergement-chez-maria-en-champagne-celles-sur-ource-details-01.jpeg?resize=768%2C512&amp;ssl=1 768w, https:\/\/i0.wp.com\/hebergementchezmaria.com\/wp-content\/uploads\/2019\/07\/hebergement-chez-maria-en-champagne-celles-sur-ource-details-01.jpeg?resize=1024%2C683&amp;ssl=1 1024w, https:\/\/i0.wp.com\/hebergementchezmaria.com\/wp-content\/uploads\/2019\/07\/hebergement-chez-maria-en-champagne-celles-sur-ource-details-01.jpeg?resize=891%2C594&amp;ssl=1 891w, https:\/\/i0.wp.com\/hebergementchezmaria.com\/wp-content\/uploads\/2019\/07\/hebergement-chez-maria-en-champagne-celles-sur-ource-details-01.jpeg?w=1492&amp;ssl=1 1492w\" sizes=\"(max-width: 746px) 100vw, 746px\" data-attachment-id=\"983\" data-permalink=\"https:\/\/hebergementchezmaria.com\/en\/hebergement-chez-maria-en-champagne-celles-sur-ource-details-01-2\/\" data-orig-file=\"https:\/\/i0.wp.com\/hebergementchezmaria.com\/wp-content\/uploads\/2019\/07\/hebergement-chez-maria-en-champagne-celles-sur-ource-details-01.jpeg?fit=1620%2C1080&amp;ssl=1\" data-orig-size=\"1620,1080\" data-comments-opened=\"1\" data-image-meta=\"{&quot;aperture&quot;:&quot;4.2&quot;,&quot;credit&quot;:&quot;&quot;,&quot;camera&quot;:&quot;NIKON D5300&quot;,&quot;caption&quot;:&quot;&quot;,&quot;created_timestamp&quot;:&quot;0&quot;,&quot;copyright&quot;:&quot;&quot;,&quot;focal_length&quot;:&quot;46&quot;,&quot;iso&quot;:&quot;800&quot;,&quot;shutter_speed&quot;:&quot;0.0125&quot;,&quot;title&quot;:&quot;&quot;,&quot;orientation&quot;:&quot;0&quot;}\" data-image-title=\"hebergement-chez-maria-en-champagne-celles-sur-ource-details-01\" data-image-description=\"\" data-image-caption=\"\" data-medium-file=\"https:\/\/i0.wp.com\/hebergementchezmaria.com\/wp-content\/uploads\/2019\/07\/hebergement-chez-maria-en-champagne-celles-sur-ource-details-01.jpeg?fit=300%2C200&amp;ssl=1\" data-large-file=\"https:\/\/i0.wp.com\/hebergementchezmaria.com\/wp-content\/uploads\/2019\/07\/hebergement-chez-maria-en-champagne-celles-sur-ource-details-01.jpeg?fit=746%2C498&amp;ssl=1\" \/>\t\t\t\t\t\t\t\t\t\t\t\t\t\t<\/div>\n\t\t\t\t\t\t<\/div>\n\t\t\t\t<\/div>\n\t\t\t\t\t\t<\/div>\n\t\t\t\t\t<\/div>\n\t\t<\/div>\n\t\t\t\t\t\t\t\t<\/div>\n\t\t\t\t\t<\/div>\n\t\t<\/section>\n\t\t\t\t\t\t<\/div>\n\t\t\t\t\t\t<\/div>\n\t\t\t\t\t<\/div>","protected":false},"excerpt":{"rendered":"<p>Sp\u00e9cifiez vos dates d&rsquo;arriv\u00e9e et de d\u00e9part et le nombre de personnes.<\/p>","protected":false},"author":1,"featured_media":0,"parent":0,"menu_order":0,"comment_status":"closed","ping_status":"closed","template":"","meta":{"spay_email":""},"jetpack_sharing_enabled":true,"jetpack_shortlink":"https:\/\/wp.me\/PaP54C-4d","jetpack-related-posts":[{"id":493,"url":"https:\/\/hebergementchezmaria.com\/en\/book-online\/?lang=en","url_meta":{"origin":261,"position":0},"title":"Book Online","date":"5 June 2019","format":false,"excerpt":"Specify your check-in and check-out dates and the number of people.","rel":"","context":"Similar post","img":{"alt_text":"","src":"https:\/\/i0.wp.com\/hebergementchezmaria.com\/wp-content\/uploads\/2019\/07\/hebergement-chez-maria-en-champagne-celles-sur-ource-details-01-1024x683.jpeg?resize=350%2C200&ssl=1","width":350,"height":200},"classes":[]},{"id":506,"url":"https:\/\/hebergementchezmaria.com\/en\/nous-contacter\/?lang=en","url_meta":{"origin":261,"position":1},"title":"Booking &#8211; Contact","date":"5 June 2019","format":false,"excerpt":"Specify your arrival and departure dates and the number of people. Celles sur Ource, C\u00f4te des Bar, Champagne-Ardenne, France +33 (0)3 25 38 57 27 info@hebergementchezmaria.com Leave us a message:","rel":"","context":"Similar post","img":{"alt_text":"","src":"https:\/\/i0.wp.com\/hebergementchezmaria.com\/wp-content\/uploads\/2019\/09\/meuble-de-tourisme-france-3-etoiles-hebergement-chez-maria-en-champagne.png?resize=350%2C200&ssl=1","width":350,"height":200},"classes":[]},{"id":20,"url":"https:\/\/hebergementchezmaria.com\/en\/recherche-disponibilite\/","url_meta":{"origin":261,"position":2},"title":"Recherche Disponibilit\u00e9","date":"26 March 2019","format":false,"excerpt":"","rel":"","context":"Similar post","img":{"alt_text":"","src":"","width":0,"height":0},"classes":[]},{"id":23,"url":"https:\/\/hebergementchezmaria.com\/en\/confirmation-de-reservation\/reservation-confirmee\/","url_meta":{"origin":261,"position":3},"title":"R\u00e9servation confirm\u00e9e","date":"26 March 2019","format":false,"excerpt":"We are pleased to inform you that your reservation request has been received and confirmed.","rel":"","context":"Similar post","img":{"alt_text":"","src":"","width":0,"height":0},"classes":[]},{"id":169,"url":"https:\/\/hebergementchezmaria.com\/en\/reservation-contact\/","url_meta":{"origin":261,"position":4},"title":"R\u00e9servation &#8211; Contact","date":"13 August 2018","format":false,"excerpt":"R\u00e9servez via AIRBNB R\u00e9servez via Gites de France V\u00e9rifiez les disponibilit\u00e9s : Celles sur Ource, C\u00f4te des Bar, Champagne-Ardenne, France 03 25 38 57 27 info@hebergementchezmaria.com Laissez nous un message :","rel":"","context":"Similar post","img":{"alt_text":"","src":"https:\/\/i0.wp.com\/hebergementchezmaria.com\/wp-content\/uploads\/2019\/09\/meuble-de-tourisme-france-3-etoiles-hebergement-chez-maria-en-champagne.png?resize=350%2C200&ssl=1","width":350,"height":200},"classes":[]},{"id":265,"url":"https:\/\/hebergementchezmaria.com\/en\/confirmation-de-reservation-2\/booking-confirmed\/","url_meta":{"origin":261,"position":5},"title":"R\u00e9servation Confirm\u00e9e","date":"13 August 2018","format":false,"excerpt":"Nous avons le plaisir de vous informer que votre demande de r\u00e9servation a \u00e9t\u00e9 re\u00e7ue et est en cours de validation.","rel":"","context":"Similar post","img":{"alt_text":"","src":"","width":0,"height":0},"classes":[]}],"_links":{"self":[{"href":"https:\/\/hebergementchezmaria.com\/en\/wp-json\/wp\/v2\/pages\/261"}],"collection":[{"href":"https:\/\/hebergementchezmaria.com\/en\/wp-json\/wp\/v2\/pages"}],"about":[{"href":"https:\/\/hebergementchezmaria.com\/en\/wp-json\/wp\/v2\/types\/page"}],"author":[{"embeddable":true,"href":"https:\/\/hebergementchezmaria.com\/en\/wp-json\/wp\/v2\/users\/1"}],"replies":[{"embeddable":true,"href":"https:\/\/hebergementchezmaria.com\/en\/wp-json\/wp\/v2\/comments?post=261"}],"version-history":[{"count":7,"href":"https:\/\/hebergementchezmaria.com\/en\/wp-json\/wp\/v2\/pages\/261\/revisions"}],"predecessor-version":[{"id":1431,"href":"https:\/\/hebergementchezmaria.com\/en\/wp-json\/wp\/v2\/pages\/261\/revisions\/1431"}],"wp:attachment":[{"href":"https:\/\/hebergementchezmaria.com\/en\/wp-json\/wp\/v2\/media?parent=261"}],"curies":[{"name":"wp","href":"https:\/\/api.w.org\/{rel}","templated":true}]}}