{"id":21,"date":"2019-03-26T20:57:54","date_gmt":"2019-03-26T19:57:54","guid":{"rendered":"http:\/\/hebergementchezmaria.com\/site\/resultats-de-la-recherche\/"},"modified":"2019-03-26T20:57:54","modified_gmt":"2019-03-26T19:57:54","slug":"resultats-de-la-recherche","status":"publish","type":"page","link":"https:\/\/hebergementchezmaria.com\/en\/resultats-de-la-recherche\/","title":{"rendered":"R\u00e9sultats de la recherche"},"content":{"rendered":"<div class=\"mphb_sc_search_results-wrapper\"><div class=\"mphb-errors-wrapper\">\r\n\t<\/div>\r\n\r\n<\/div>","protected":false},"excerpt":{"rendered":"","protected":false},"author":1,"featured_media":0,"parent":0,"menu_order":0,"comment_status":"closed","ping_status":"closed","template":"","meta":{"spay_email":""},"jetpack_sharing_enabled":true,"jetpack_shortlink":"https:\/\/wp.me\/PaP54C-l","jetpack-related-posts":[{"id":262,"url":"https:\/\/hebergementchezmaria.com\/en\/recherche\/","url_meta":{"origin":21,"position":0},"title":"Rechercher","date":"13 August 2018","format":false,"excerpt":"Reservez via AIRBNB R\u00e9servez via Gites de France V\u00e9rifiez les disponibilit\u00e9s :","rel":"","context":"Similar post","img":{"alt_text":"","src":"","width":0,"height":0},"classes":[]},{"id":583,"url":"https:\/\/hebergementchezmaria.com\/en\/search-results\/?lang=en","url_meta":{"origin":21,"position":1},"title":"Search Results","date":"6 June 2019","format":false,"excerpt":"","rel":"","context":"Similar post","img":{"alt_text":"","src":"","width":0,"height":0},"classes":[]},{"id":20,"url":"https:\/\/hebergementchezmaria.com\/en\/recherche-disponibilite\/","url_meta":{"origin":21,"position":2},"title":"Recherche Disponibilit\u00e9","date":"26 March 2019","format":false,"excerpt":"","rel":"","context":"Similar post","img":{"alt_text":"","src":"","width":0,"height":0},"classes":[]}],"_links":{"self":[{"href":"https:\/\/hebergementchezmaria.com\/en\/wp-json\/wp\/v2\/pages\/21"}],"collection":[{"href":"https:\/\/hebergementchezmaria.com\/en\/wp-json\/wp\/v2\/pages"}],"about":[{"href":"https:\/\/hebergementchezmaria.com\/en\/wp-json\/wp\/v2\/types\/page"}],"author":[{"embeddable":true,"href":"https:\/\/hebergementchezmaria.com\/en\/wp-json\/wp\/v2\/users\/1"}],"replies":[{"embeddable":true,"href":"https:\/\/hebergementchezmaria.com\/en\/wp-json\/wp\/v2\/comments?post=21"}],"version-history":[{"count":0,"href":"https:\/\/hebergementchezmaria.com\/en\/wp-json\/wp\/v2\/pages\/21\/revisions"}],"wp:attachment":[{"href":"https:\/\/hebergementchezmaria.com\/en\/wp-json\/wp\/v2\/media?parent=21"}],"curies":[{"name":"wp","href":"https:\/\/api.w.org\/{rel}","templated":true}]}}