{"id":174,"date":"2018-08-13T13:22:53","date_gmt":"2018-08-13T13:22:53","guid":{"rendered":"https:\/\/themes.getmotopress.com\/ciestra\/?page_id=174"},"modified":"2019-09-03T02:12:59","modified_gmt":"2019-09-03T00:12:59","slug":"bouteilles-champagne","status":"publish","type":"page","link":"https:\/\/hebergementchezmaria.com\/en\/bouteilles-champagne\/","title":{"rendered":"Champagne frais"},"content":{"rendered":"<div data-elementor-type=\"wp-post\" data-elementor-id=\"174\" class=\"elementor elementor-174\" data-elementor-settings=\"[]\">\n\t\t\t\t\t\t<div class=\"elementor-inner\">\n\t\t\t\t\t\t\t<div class=\"elementor-section-wrap\">\n\t\t\t\t\t\t\t<section class=\"elementor-section elementor-top-section elementor-element elementor-element-64824ab elementor-section-boxed elementor-section-height-default elementor-section-height-default\" data-id=\"64824ab\" data-element_type=\"section\">\n\t\t\t\t\t\t<div class=\"elementor-container elementor-column-gap-default\">\n\t\t\t\t\t\t\t<div class=\"elementor-row\">\n\t\t\t\t\t<div class=\"elementor-column elementor-col-100 elementor-top-column elementor-element elementor-element-cc89c71\" data-id=\"cc89c71\" data-element_type=\"column\">\n\t\t\t<div class=\"elementor-column-wrap elementor-element-populated\">\n\t\t\t\t\t\t\t<div class=\"elementor-widget-wrap\">\n\t\t\t\t\t\t<div class=\"elementor-element elementor-element-13e0863 elementor-view-framed elementor-shape-circle elementor-widget elementor-widget-icon\" data-id=\"13e0863\" data-element_type=\"widget\" data-widget_type=\"icon.default\">\n\t\t\t\t<div class=\"elementor-widget-container\">\n\t\t\t\t\t<div class=\"elementor-icon-wrapper\">\n\t\t\t<div class=\"elementor-icon\">\n\t\t\t<i aria-hidden=\"true\" class=\"fas fa-wine-glass-alt\"><\/i>\t\t\t<\/div>\n\t\t<\/div>\n\t\t\t\t<\/div>\n\t\t\t\t<\/div>\n\t\t\t\t\t\t<\/div>\n\t\t\t\t\t<\/div>\n\t\t<\/div>\n\t\t\t\t\t\t\t\t<\/div>\n\t\t\t\t\t<\/div>\n\t\t<\/section>\n\t\t\t\t<section class=\"elementor-section elementor-top-section elementor-element elementor-element-7e7bd5a5 elementor-section-boxed elementor-section-height-default elementor-section-height-default\" data-id=\"7e7bd5a5\" data-element_type=\"section\">\n\t\t\t\t\t\t<div class=\"elementor-container elementor-column-gap-no\">\n\t\t\t\t\t\t\t<div class=\"elementor-row\">\n\t\t\t\t\t<div class=\"elementor-column elementor-col-100 elementor-top-column elementor-element elementor-element-22db6918\" data-id=\"22db6918\" data-element_type=\"column\">\n\t\t\t<div class=\"elementor-column-wrap elementor-element-populated\">\n\t\t\t\t\t\t\t<div class=\"elementor-widget-wrap\">\n\t\t\t\t\t\t<div class=\"elementor-element elementor-element-0cd9939 elementor-widget elementor-widget-text-editor\" data-id=\"0cd9939\" data-element_type=\"widget\" data-widget_type=\"text-editor.default\">\n\t\t\t\t<div class=\"elementor-widget-container\">\n\t\t\t\t\t\t\t\t<div class=\"elementor-text-editor elementor-clearfix\">\n\t\t\t\t<p style=\"text-align: center;\">Vous \u00eates amateurs de Champagne ? Tant mieux, vous \u00eates au bon endroit ! Nous pouvons, \u00e0 l\u2019avance vous pr\u00e9parer soigneusement une ou plusieurs bouteilles de Champagne afin que celles-ci soient pr\u00eates \u00e0 d\u00e9guster \u00e0 votre arriv\u00e9e. Une belle r\u00e9compense apr\u00e8s tous ces kilom\u00e8tres parcourus ! <br \/>Tarif bouteille : 29 \u20ac<br \/>(Cuv\u00e9e Blanc de Noirs \u2013 Vieilles Vignes, de Lionel Carreau)<\/p>\t\t\t\t\t<\/div>\n\t\t\t\t\t\t<\/div>\n\t\t\t\t<\/div>\n\t\t\t\t\t\t<\/div>\n\t\t\t\t\t<\/div>\n\t\t<\/div>\n\t\t\t\t\t\t\t\t<\/div>\n\t\t\t\t\t<\/div>\n\t\t<\/section>\n\t\t\t\t<section class=\"elementor-section elementor-top-section elementor-element elementor-element-2dbccd0 elementor-section-boxed elementor-section-height-default elementor-section-height-default\" data-id=\"2dbccd0\" data-element_type=\"section\">\n\t\t\t\t\t\t<div class=\"elementor-container elementor-column-gap-default\">\n\t\t\t\t\t\t\t<div class=\"elementor-row\">\n\t\t\t\t\t<div class=\"elementor-column elementor-col-100 elementor-top-column elementor-element elementor-element-7e5a7be\" data-id=\"7e5a7be\" data-element_type=\"column\">\n\t\t\t<div class=\"elementor-column-wrap elementor-element-populated\">\n\t\t\t\t\t\t\t<div class=\"elementor-widget-wrap\">\n\t\t\t\t\t\t<div class=\"elementor-element elementor-element-3197689 elementor-widget elementor-widget-spacer\" data-id=\"3197689\" data-element_type=\"widget\" data-widget_type=\"spacer.default\">\n\t\t\t\t<div class=\"elementor-widget-container\">\n\t\t\t\t\t<div class=\"elementor-spacer\">\n\t\t\t<div class=\"elementor-spacer-inner\"><\/div>\n\t\t<\/div>\n\t\t\t\t<\/div>\n\t\t\t\t<\/div>\n\t\t\t\t<div class=\"elementor-element elementor-element-a33c942 elementor-widget elementor-widget-image\" data-id=\"a33c942\" data-element_type=\"widget\" data-widget_type=\"image.default\">\n\t\t\t\t<div class=\"elementor-widget-container\">\n\t\t\t\t\t\t\t\t<div class=\"elementor-image\">\n\t\t\t\t\t\t\t\t\t\t\t\t<img width=\"746\" height=\"560\" src=\"https:\/\/i0.wp.com\/hebergementchezmaria.com\/wp-content\/uploads\/2019\/07\/option-champagne-frais-hebergement-chez-maria.jpg?fit=746%2C560&amp;ssl=1\" class=\"attachment-large size-large\" alt=\"\" srcset=\"https:\/\/i0.wp.com\/hebergementchezmaria.com\/wp-content\/uploads\/2019\/07\/option-champagne-frais-hebergement-chez-maria.jpg?w=1024&amp;ssl=1 1024w, https:\/\/i0.wp.com\/hebergementchezmaria.com\/wp-content\/uploads\/2019\/07\/option-champagne-frais-hebergement-chez-maria.jpg?resize=300%2C225&amp;ssl=1 300w, https:\/\/i0.wp.com\/hebergementchezmaria.com\/wp-content\/uploads\/2019\/07\/option-champagne-frais-hebergement-chez-maria.jpg?resize=768%2C577&amp;ssl=1 768w, https:\/\/i0.wp.com\/hebergementchezmaria.com\/wp-content\/uploads\/2019\/07\/option-champagne-frais-hebergement-chez-maria.jpg?resize=891%2C669&amp;ssl=1 891w\" sizes=\"(max-width: 746px) 100vw, 746px\" data-attachment-id=\"1164\" data-permalink=\"https:\/\/hebergementchezmaria.com\/en\/bouteilles-champagne\/option-champagne-frais-hebergement-chez-maria\/\" data-orig-file=\"https:\/\/i0.wp.com\/hebergementchezmaria.com\/wp-content\/uploads\/2019\/07\/option-champagne-frais-hebergement-chez-maria.jpg?fit=1024%2C769&amp;ssl=1\" data-orig-size=\"1024,769\" data-comments-opened=\"1\" data-image-meta=\"{&quot;aperture&quot;:&quot;0&quot;,&quot;credit&quot;:&quot;&quot;,&quot;camera&quot;:&quot;&quot;,&quot;caption&quot;:&quot;&quot;,&quot;created_timestamp&quot;:&quot;0&quot;,&quot;copyright&quot;:&quot;&quot;,&quot;focal_length&quot;:&quot;0&quot;,&quot;iso&quot;:&quot;0&quot;,&quot;shutter_speed&quot;:&quot;0&quot;,&quot;title&quot;:&quot;&quot;,&quot;orientation&quot;:&quot;0&quot;}\" data-image-title=\"option-champagne-frais-hebergement-chez-maria\" data-image-description=\"\" data-image-caption=\"\" data-medium-file=\"https:\/\/i0.wp.com\/hebergementchezmaria.com\/wp-content\/uploads\/2019\/07\/option-champagne-frais-hebergement-chez-maria.jpg?fit=300%2C225&amp;ssl=1\" data-large-file=\"https:\/\/i0.wp.com\/hebergementchezmaria.com\/wp-content\/uploads\/2019\/07\/option-champagne-frais-hebergement-chez-maria.jpg?fit=746%2C560&amp;ssl=1\" \/>\t\t\t\t\t\t\t\t\t\t\t\t\t\t<\/div>\n\t\t\t\t\t\t<\/div>\n\t\t\t\t<\/div>\n\t\t\t\t\t\t<\/div>\n\t\t\t\t\t<\/div>\n\t\t<\/div>\n\t\t\t\t\t\t\t\t<\/div>\n\t\t\t\t\t<\/div>\n\t\t<\/section>\n\t\t\t\t<section class=\"elementor-section elementor-top-section elementor-element elementor-element-09ff3b3 elementor-section-boxed elementor-section-height-default elementor-section-height-default\" data-id=\"09ff3b3\" data-element_type=\"section\">\n\t\t\t\t\t\t<div class=\"elementor-container elementor-column-gap-default\">\n\t\t\t\t\t\t\t<div class=\"elementor-row\">\n\t\t\t\t\t<div class=\"elementor-column elementor-col-100 elementor-top-column elementor-element elementor-element-fbbcd50\" data-id=\"fbbcd50\" data-element_type=\"column\">\n\t\t\t<div class=\"elementor-column-wrap elementor-element-populated\">\n\t\t\t\t\t\t\t<div class=\"elementor-widget-wrap\">\n\t\t\t\t\t\t<div class=\"elementor-element elementor-element-829dd36 elementor-widget elementor-widget-image\" data-id=\"829dd36\" data-element_type=\"widget\" data-widget_type=\"image.default\">\n\t\t\t\t<div class=\"elementor-widget-container\">\n\t\t\t\t\t\t\t\t<div class=\"elementor-image\">\n\t\t\t\t\t\t\t\t\t\t\t\t<img width=\"299\" height=\"1024\" src=\"https:\/\/i0.wp.com\/hebergementchezmaria.com\/wp-content\/uploads\/2019\/07\/champagne-lionel-carreau-blanc-de-noirs-2014-e1562611573886.jpg?fit=299%2C1024&amp;ssl=1\" class=\"attachment-large size-large\" alt=\"\" srcset=\"https:\/\/i0.wp.com\/hebergementchezmaria.com\/wp-content\/uploads\/2019\/07\/champagne-lionel-carreau-blanc-de-noirs-2014-e1562611573886.jpg?zoom=2&amp;resize=299%2C1024&amp;ssl=1 598w, https:\/\/i0.wp.com\/hebergementchezmaria.com\/wp-content\/uploads\/2019\/07\/champagne-lionel-carreau-blanc-de-noirs-2014-e1562611573886.jpg?zoom=3&amp;resize=299%2C1024&amp;ssl=1 897w\" sizes=\"(max-width: 299px) 100vw, 299px\" data-attachment-id=\"725\" data-permalink=\"https:\/\/hebergementchezmaria.com\/en\/champagne-lionel-carreau-blanc-de-noirs-2014\/\" data-orig-file=\"https:\/\/i0.wp.com\/hebergementchezmaria.com\/wp-content\/uploads\/2019\/07\/champagne-lionel-carreau-blanc-de-noirs-2014-e1562611573886.jpg?fit=439%2C1500&amp;ssl=1\" data-orig-size=\"439,1500\" data-comments-opened=\"1\" data-image-meta=\"{&quot;aperture&quot;:&quot;0&quot;,&quot;credit&quot;:&quot;&quot;,&quot;camera&quot;:&quot;&quot;,&quot;caption&quot;:&quot;&quot;,&quot;created_timestamp&quot;:&quot;0&quot;,&quot;copyright&quot;:&quot;&quot;,&quot;focal_length&quot;:&quot;0&quot;,&quot;iso&quot;:&quot;0&quot;,&quot;shutter_speed&quot;:&quot;0&quot;,&quot;title&quot;:&quot;&quot;,&quot;orientation&quot;:&quot;0&quot;}\" data-image-title=\"champagne-lionel-carreau-blanc-de-noirs-2014\" data-image-description=\"\" data-image-caption=\"\" data-medium-file=\"https:\/\/i0.wp.com\/hebergementchezmaria.com\/wp-content\/uploads\/2019\/07\/champagne-lionel-carreau-blanc-de-noirs-2014-e1562611573886.jpg?fit=88%2C300&amp;ssl=1\" data-large-file=\"https:\/\/i0.wp.com\/hebergementchezmaria.com\/wp-content\/uploads\/2019\/07\/champagne-lionel-carreau-blanc-de-noirs-2014-e1562611573886.jpg?fit=299%2C1024&amp;ssl=1\" \/>\t\t\t\t\t\t\t\t\t\t\t\t\t\t<\/div>\n\t\t\t\t\t\t<\/div>\n\t\t\t\t<\/div>\n\t\t\t\t\t\t<\/div>\n\t\t\t\t\t<\/div>\n\t\t<\/div>\n\t\t\t\t\t\t\t\t<\/div>\n\t\t\t\t\t<\/div>\n\t\t<\/section>\n\t\t\t\t\t\t<\/div>\n\t\t\t\t\t\t<\/div>\n\t\t\t\t\t<\/div>","protected":false},"excerpt":{"rendered":"<p>Vous \u00eates amateurs de Champagne ? Tant mieux, vous \u00eates au bon endroit ! Nous pouvons, \u00e0 l\u2019avance vous pr\u00e9parer soigneusement une ou plusieurs bouteilles de Champagne afin que celles-ci soient pr\u00eates \u00e0 d\u00e9guster \u00e0 votre arriv\u00e9e. Une belle r\u00e9compense apr\u00e8s tous ces kilom\u00e8tres parcourus ! Tarif bouteille : 29 \u20ac(Cuv\u00e9e Blanc de Noirs \u2013 [&hellip;]<\/p>","protected":false},"author":1,"featured_media":0,"parent":0,"menu_order":0,"comment_status":"closed","ping_status":"closed","template":"","meta":{"spay_email":""},"jetpack_sharing_enabled":true,"jetpack_shortlink":"https:\/\/wp.me\/PaP54C-2O","jetpack-related-posts":[{"id":1259,"url":"https:\/\/hebergementchezmaria.com\/en\/bouteilles-champagne\/?lang=en","url_meta":{"origin":174,"position":0},"title":"Fresh Champagne","date":"13 August 2018","format":false,"excerpt":"Are you Champagne lovers? Good, you're in the right place! We can, in advance, carefully prepare one or more bottles of Champagne so that they are ready to taste on your arrival. A nice reward after all these miles!Bottle price: 29 \u20ac(Cuv\u00e9e Blanc de Noirs \u2013 Vieilles Vignes, de Lionel\u2026","rel":"","context":"Similar post","img":{"alt_text":"","src":"https:\/\/i0.wp.com\/hebergementchezmaria.com\/wp-content\/uploads\/2019\/07\/option-champagne-frais-hebergement-chez-maria-1024x769.jpg?resize=350%2C200&ssl=1","width":350,"height":200},"classes":[]},{"id":80,"url":"https:\/\/hebergementchezmaria.com\/en\/apero-champagne-brioche\/","url_meta":{"origin":174,"position":1},"title":"Ap\u00e9ro Champagne &#038; Brioche","date":"13 August 2018","format":false,"excerpt":"Un ap\u00e9ritif complet local vous branche pour f\u00eater votre arriv\u00e9e ? Nous pouvons, \u00e0 l\u2019avance, vous pr\u00e9parer soigneusement une ou plusieurs bouteilles fra\u00eeches de Champagne, et nous les accompagnerons d\u2019une brioche au chaource, saveur locale qui vous donnera envie de ne plus repartir. Tarif Champagne + Brioche : 37 \u20ac\u2026","rel":"","context":"Similar post","img":{"alt_text":"","src":"https:\/\/i0.wp.com\/hebergementchezmaria.com\/wp-content\/uploads\/2019\/07\/option-champagne-brioche-hebergement-chez-maria.jpg?resize=350%2C200&ssl=1","width":350,"height":200},"classes":[]},{"id":1265,"url":"https:\/\/hebergementchezmaria.com\/en\/apero-champagne-brioche\/?lang=en","url_meta":{"origin":174,"position":2},"title":"Aperitif Champagne &#038; Brioche","date":"13 August 2018","format":false,"excerpt":"A local full appetizer tempts you to celebrate your arrival? We can, in advance, carefully prepare one or more fresh bottles of Champagne, and we will accompany them with a brioche chaource, local flavor that will make you want to stay.Champagne + Brioche price: 37 \u20ac(Cuv\u00e9e Blanc de Noirs- Vieilles\u2026","rel":"","context":"Similar post","img":{"alt_text":"","src":"https:\/\/i0.wp.com\/hebergementchezmaria.com\/wp-content\/uploads\/2019\/07\/option-champagne-brioche-hebergement-chez-maria.jpg?resize=350%2C200&ssl=1","width":350,"height":200},"classes":[]},{"id":98,"url":"https:\/\/hebergementchezmaria.com\/en\/","url_meta":{"origin":174,"position":3},"title":"\u00ab\u00a0L\u00e0 tout n&rsquo;est qu&rsquo;ordre et beaut\u00e9, luxe, calme et volupt\u00e9\u00a0\u00bb                             Invitation au voyage, Baudelaire.","date":"13 August 2018","format":false,"excerpt":"\u2014 Celles sur Ource, C\u00f4te des Bar, Champagne-Ardenne, France","rel":"","context":"Similar post","img":{"alt_text":"","src":"https:\/\/i0.wp.com\/hebergementchezmaria.com\/wp-content\/uploads\/2021\/08\/hebergement-chez-maria-en-champagne-celles-sur-ource-01.jpg?fit=1034%2C812&ssl=1&resize=350%2C200","width":350,"height":200},"classes":[]},{"id":506,"url":"https:\/\/hebergementchezmaria.com\/en\/nous-contacter\/?lang=en","url_meta":{"origin":174,"position":4},"title":"Booking &#8211; Contact","date":"5 June 2019","format":false,"excerpt":"Specify your arrival and departure dates and the number of people. Celles sur Ource, C\u00f4te des Bar, Champagne-Ardenne, France +33 (0)3 25 38 57 27 info@hebergementchezmaria.com Leave us a message:","rel":"","context":"Similar post","img":{"alt_text":"","src":"https:\/\/i0.wp.com\/hebergementchezmaria.com\/wp-content\/uploads\/2019\/09\/meuble-de-tourisme-france-3-etoiles-hebergement-chez-maria-en-champagne.png?resize=350%2C200&ssl=1","width":350,"height":200},"classes":[]},{"id":287,"url":"https:\/\/hebergementchezmaria.com\/en\/home\/?lang=en","url_meta":{"origin":174,"position":5},"title":"Welcome in this peaceful world !","date":"26 March 2019","format":false,"excerpt":"\u2014 Celles sur Ource, C\u00f4te des Bar, Champagne-Ardenne, France","rel":"","context":"Similar post","img":{"alt_text":"","src":"https:\/\/i0.wp.com\/hebergementchezmaria.com\/wp-content\/uploads\/2019\/07\/hebergement-chez-maria-en-champagne-celles-sur-ource-01.jpg?fit=1200%2C942&ssl=1&resize=350%2C200","width":350,"height":200},"classes":[]}],"_links":{"self":[{"href":"https:\/\/hebergementchezmaria.com\/en\/wp-json\/wp\/v2\/pages\/174"}],"collection":[{"href":"https:\/\/hebergementchezmaria.com\/en\/wp-json\/wp\/v2\/pages"}],"about":[{"href":"https:\/\/hebergementchezmaria.com\/en\/wp-json\/wp\/v2\/types\/page"}],"author":[{"embeddable":true,"href":"https:\/\/hebergementchezmaria.com\/en\/wp-json\/wp\/v2\/users\/1"}],"replies":[{"embeddable":true,"href":"https:\/\/hebergementchezmaria.com\/en\/wp-json\/wp\/v2\/comments?post=174"}],"version-history":[{"count":27,"href":"https:\/\/hebergementchezmaria.com\/en\/wp-json\/wp\/v2\/pages\/174\/revisions"}],"predecessor-version":[{"id":1377,"href":"https:\/\/hebergementchezmaria.com\/en\/wp-json\/wp\/v2\/pages\/174\/revisions\/1377"}],"wp:attachment":[{"href":"https:\/\/hebergementchezmaria.com\/en\/wp-json\/wp\/v2\/media?parent=174"}],"curies":[{"name":"wp","href":"https:\/\/api.w.org\/{rel}","templated":true}]}}