{"id":1265,"date":"2018-08-13T10:01:27","date_gmt":"2018-08-13T10:01:27","guid":{"rendered":"http:\/\/hebergementchezmaria.com\/apero-champagne-brioche\/"},"modified":"2019-09-03T21:26:16","modified_gmt":"2019-09-03T19:26:16","slug":"apero-champagne-brioche","status":"publish","type":"page","link":"https:\/\/hebergementchezmaria.com\/en\/apero-champagne-brioche\/?lang=en","title":{"rendered":"Aperitif Champagne &#038; Brioche"},"content":{"rendered":"<div data-elementor-type=\"wp-post\" data-elementor-id=\"1265\" class=\"elementor elementor-1265\" data-elementor-settings=\"[]\">\n\t\t\t\t\t\t<div class=\"elementor-inner\">\n\t\t\t\t\t\t\t<div class=\"elementor-section-wrap\">\n\t\t\t\t\t\t\t<section class=\"elementor-section elementor-top-section elementor-element elementor-element-ebebcd4 elementor-section-boxed elementor-section-height-default elementor-section-height-default\" data-id=\"ebebcd4\" data-element_type=\"section\">\n\t\t\t\t\t\t<div class=\"elementor-container elementor-column-gap-default\">\n\t\t\t\t\t\t\t<div class=\"elementor-row\">\n\t\t\t\t\t<div class=\"elementor-column elementor-col-100 elementor-top-column elementor-element elementor-element-b5f4791\" data-id=\"b5f4791\" data-element_type=\"column\">\n\t\t\t<div class=\"elementor-column-wrap elementor-element-populated\">\n\t\t\t\t\t\t\t<div class=\"elementor-widget-wrap\">\n\t\t\t\t\t\t<div class=\"elementor-element elementor-element-b05ed60 elementor-view-framed elementor-shape-circle elementor-widget elementor-widget-icon\" data-id=\"b05ed60\" data-element_type=\"widget\" data-widget_type=\"icon.default\">\n\t\t\t\t<div class=\"elementor-widget-container\">\n\t\t\t\t\t<div class=\"elementor-icon-wrapper\">\n\t\t\t<div class=\"elementor-icon\">\n\t\t\t<i aria-hidden=\"true\" class=\"fas fa-wine-glass-alt\"><\/i>\t\t\t<\/div>\n\t\t<\/div>\n\t\t\t\t<\/div>\n\t\t\t\t<\/div>\n\t\t\t\t\t\t<\/div>\n\t\t\t\t\t<\/div>\n\t\t<\/div>\n\t\t\t\t\t\t\t\t<\/div>\n\t\t\t\t\t<\/div>\n\t\t<\/section>\n\t\t\t\t<section class=\"elementor-section elementor-top-section elementor-element elementor-element-3edcd3e2 elementor-section-boxed elementor-section-height-default elementor-section-height-default\" data-id=\"3edcd3e2\" data-element_type=\"section\">\n\t\t\t\t\t\t<div class=\"elementor-container elementor-column-gap-default\">\n\t\t\t\t\t\t\t<div class=\"elementor-row\">\n\t\t\t\t\t<div class=\"elementor-column elementor-col-100 elementor-top-column elementor-element elementor-element-227b21ba\" data-id=\"227b21ba\" data-element_type=\"column\">\n\t\t\t<div class=\"elementor-column-wrap elementor-element-populated\">\n\t\t\t\t\t\t\t<div class=\"elementor-widget-wrap\">\n\t\t\t\t\t\t<div class=\"elementor-element elementor-element-610f8397 elementor-widget elementor-widget-text-editor\" data-id=\"610f8397\" data-element_type=\"widget\" data-widget_type=\"text-editor.default\">\n\t\t\t\t<div class=\"elementor-widget-container\">\n\t\t\t\t\t\t\t\t<div class=\"elementor-text-editor elementor-clearfix\">\n\t\t\t\t<p style=\"text-align: center;\">A local full appetizer tempts you to celebrate your arrival? We can, in advance, carefully prepare one or more fresh bottles of Champagne, and we will accompany them with a brioche chaource, local flavor that will make you want to stay.<br \/>Champagne + Brioche price: 37 \u20ac<br \/>(Cuv\u00e9e Blanc de Noirs- Vieilles Vignes, de Lionel Carreau)<\/p>\t\t\t\t\t<\/div>\n\t\t\t\t\t\t<\/div>\n\t\t\t\t<\/div>\n\t\t\t\t\t\t<\/div>\n\t\t\t\t\t<\/div>\n\t\t<\/div>\n\t\t\t\t\t\t\t\t<\/div>\n\t\t\t\t\t<\/div>\n\t\t<\/section>\n\t\t\t\t<section class=\"elementor-section elementor-top-section elementor-element elementor-element-55c5730 elementor-section-boxed elementor-section-height-default elementor-section-height-default\" data-id=\"55c5730\" data-element_type=\"section\">\n\t\t\t\t\t\t<div class=\"elementor-container elementor-column-gap-default\">\n\t\t\t\t\t\t\t<div class=\"elementor-row\">\n\t\t\t\t\t<div class=\"elementor-column elementor-col-100 elementor-top-column elementor-element elementor-element-1234993\" data-id=\"1234993\" data-element_type=\"column\">\n\t\t\t<div class=\"elementor-column-wrap elementor-element-populated\">\n\t\t\t\t\t\t\t<div class=\"elementor-widget-wrap\">\n\t\t\t\t\t\t<div class=\"elementor-element elementor-element-6497762 elementor-widget elementor-widget-image\" data-id=\"6497762\" data-element_type=\"widget\" data-widget_type=\"image.default\">\n\t\t\t\t<div class=\"elementor-widget-container\">\n\t\t\t\t\t\t\t\t<div class=\"elementor-image\">\n\t\t\t\t\t\t\t\t\t\t\t\t<img width=\"746\" height=\"497\" src=\"https:\/\/i0.wp.com\/hebergementchezmaria.com\/wp-content\/uploads\/2019\/07\/option-champagne-brioche-hebergement-chez-maria.jpg?fit=746%2C497&amp;ssl=1\" class=\"attachment-large size-large\" alt=\"\" srcset=\"https:\/\/i0.wp.com\/hebergementchezmaria.com\/wp-content\/uploads\/2019\/07\/option-champagne-brioche-hebergement-chez-maria.jpg?w=800&amp;ssl=1 800w, https:\/\/i0.wp.com\/hebergementchezmaria.com\/wp-content\/uploads\/2019\/07\/option-champagne-brioche-hebergement-chez-maria.jpg?resize=300%2C200&amp;ssl=1 300w, https:\/\/i0.wp.com\/hebergementchezmaria.com\/wp-content\/uploads\/2019\/07\/option-champagne-brioche-hebergement-chez-maria.jpg?resize=768%2C512&amp;ssl=1 768w\" sizes=\"(max-width: 746px) 100vw, 746px\" data-attachment-id=\"1169\" data-permalink=\"https:\/\/hebergementchezmaria.com\/en\/apero-champagne-brioche\/option-champagne-brioche-hebergement-chez-maria-2\/\" data-orig-file=\"https:\/\/i0.wp.com\/hebergementchezmaria.com\/wp-content\/uploads\/2019\/07\/option-champagne-brioche-hebergement-chez-maria.jpg?fit=800%2C533&amp;ssl=1\" data-orig-size=\"800,533\" data-comments-opened=\"1\" data-image-meta=\"{&quot;aperture&quot;:&quot;0&quot;,&quot;credit&quot;:&quot;&quot;,&quot;camera&quot;:&quot;&quot;,&quot;caption&quot;:&quot;&quot;,&quot;created_timestamp&quot;:&quot;0&quot;,&quot;copyright&quot;:&quot;Jean-Paul Thouny&quot;,&quot;focal_length&quot;:&quot;0&quot;,&quot;iso&quot;:&quot;0&quot;,&quot;shutter_speed&quot;:&quot;0&quot;,&quot;title&quot;:&quot;&quot;,&quot;orientation&quot;:&quot;0&quot;}\" data-image-title=\"option-champagne-brioche-hebergement-chez-maria\" data-image-description=\"\" data-image-caption=\"\" data-medium-file=\"https:\/\/i0.wp.com\/hebergementchezmaria.com\/wp-content\/uploads\/2019\/07\/option-champagne-brioche-hebergement-chez-maria.jpg?fit=300%2C200&amp;ssl=1\" data-large-file=\"https:\/\/i0.wp.com\/hebergementchezmaria.com\/wp-content\/uploads\/2019\/07\/option-champagne-brioche-hebergement-chez-maria.jpg?fit=746%2C497&amp;ssl=1\" \/>\t\t\t\t\t\t\t\t\t\t\t\t\t\t<\/div>\n\t\t\t\t\t\t<\/div>\n\t\t\t\t<\/div>\n\t\t\t\t<div class=\"elementor-element elementor-element-2828a27 elementor-widget elementor-widget-spacer\" data-id=\"2828a27\" data-element_type=\"widget\" data-widget_type=\"spacer.default\">\n\t\t\t\t<div class=\"elementor-widget-container\">\n\t\t\t\t\t<div class=\"elementor-spacer\">\n\t\t\t<div class=\"elementor-spacer-inner\"><\/div>\n\t\t<\/div>\n\t\t\t\t<\/div>\n\t\t\t\t<\/div>\n\t\t\t\t\t\t<\/div>\n\t\t\t\t\t<\/div>\n\t\t<\/div>\n\t\t\t\t\t\t\t\t<\/div>\n\t\t\t\t\t<\/div>\n\t\t<\/section>\n\t\t\t\t<section class=\"elementor-section elementor-top-section elementor-element elementor-element-5b9dc4a elementor-section-boxed elementor-section-height-default elementor-section-height-default\" data-id=\"5b9dc4a\" data-element_type=\"section\">\n\t\t\t\t\t\t<div class=\"elementor-container elementor-column-gap-default\">\n\t\t\t\t\t\t\t<div class=\"elementor-row\">\n\t\t\t\t\t<div class=\"elementor-column elementor-col-100 elementor-top-column elementor-element elementor-element-0f0bf1b\" data-id=\"0f0bf1b\" data-element_type=\"column\">\n\t\t\t<div class=\"elementor-column-wrap elementor-element-populated\">\n\t\t\t\t\t\t\t<div class=\"elementor-widget-wrap\">\n\t\t\t\t\t\t<div class=\"elementor-element elementor-element-2caf042 elementor-widget elementor-widget-text-editor\" data-id=\"2caf042\" data-element_type=\"widget\" data-widget_type=\"text-editor.default\">\n\t\t\t\t<div class=\"elementor-widget-container\">\n\t\t\t\t\t\t\t\t<div class=\"elementor-text-editor elementor-clearfix\">\n\t\t\t\t<p><img class=\"size-large wp-image-726 aligncenter\" src=\"https:\/\/i0.wp.com\/hebergementchezmaria.com\/wp-content\/uploads\/2019\/07\/champagne-lionel-carreau-blanc-de-noirs-2014.jpg?resize=299%2C1024&#038;ssl=1\" alt=\"\" width=\"299\" height=\"1024\" data-recalc-dims=\"1\" srcset=\"https:\/\/i0.wp.com\/hebergementchezmaria.com\/wp-content\/uploads\/2019\/07\/champagne-lionel-carreau-blanc-de-noirs-2014.jpg?w=1632&amp;ssl=1 1632w, https:\/\/i0.wp.com\/hebergementchezmaria.com\/wp-content\/uploads\/2019\/07\/champagne-lionel-carreau-blanc-de-noirs-2014.jpg?resize=88%2C300&amp;ssl=1 88w, https:\/\/i0.wp.com\/hebergementchezmaria.com\/wp-content\/uploads\/2019\/07\/champagne-lionel-carreau-blanc-de-noirs-2014.jpg?resize=768%2C2628&amp;ssl=1 768w, https:\/\/i0.wp.com\/hebergementchezmaria.com\/wp-content\/uploads\/2019\/07\/champagne-lionel-carreau-blanc-de-noirs-2014.jpg?resize=299%2C1024&amp;ssl=1 299w, https:\/\/i0.wp.com\/hebergementchezmaria.com\/wp-content\/uploads\/2019\/07\/champagne-lionel-carreau-blanc-de-noirs-2014.jpg?resize=891%2C3049&amp;ssl=1 891w, https:\/\/i0.wp.com\/hebergementchezmaria.com\/wp-content\/uploads\/2019\/07\/champagne-lionel-carreau-blanc-de-noirs-2014.jpg?w=1492&amp;ssl=1 1492w\" sizes=\"(max-width: 299px) 100vw, 299px\" \/><\/p>\t\t\t\t\t<\/div>\n\t\t\t\t\t\t<\/div>\n\t\t\t\t<\/div>\n\t\t\t\t\t\t<\/div>\n\t\t\t\t\t<\/div>\n\t\t<\/div>\n\t\t\t\t\t\t\t\t<\/div>\n\t\t\t\t\t<\/div>\n\t\t<\/section>\n\t\t\t\t\t\t<\/div>\n\t\t\t\t\t\t<\/div>\n\t\t\t\t\t<\/div>","protected":false},"excerpt":{"rendered":"<p>A local full appetizer tempts you to celebrate your arrival? We can, in advance, carefully prepare one or more fresh bottles of Champagne, and we will accompany them with a brioche chaource, local flavor that will make you want to stay.Champagne + Brioche price: 37 \u20ac(Cuv\u00e9e Blanc de Noirs- Vieilles Vignes, de Lionel Carreau)<\/p>","protected":false},"author":1,"featured_media":0,"parent":0,"menu_order":0,"comment_status":"closed","ping_status":"closed","template":"","meta":{"spay_email":""},"jetpack_sharing_enabled":true,"jetpack_shortlink":"https:\/\/wp.me\/PaP54C-kp","jetpack-related-posts":[{"id":80,"url":"https:\/\/hebergementchezmaria.com\/en\/apero-champagne-brioche\/","url_meta":{"origin":1265,"position":0},"title":"Ap\u00e9ro Champagne &#038; Brioche","date":"13 August 2018","format":false,"excerpt":"Un ap\u00e9ritif complet local vous branche pour f\u00eater votre arriv\u00e9e ? Nous pouvons, \u00e0 l\u2019avance, vous pr\u00e9parer soigneusement une ou plusieurs bouteilles fra\u00eeches de Champagne, et nous les accompagnerons d\u2019une brioche au chaource, saveur locale qui vous donnera envie de ne plus repartir. Tarif Champagne + Brioche : 37 \u20ac\u2026","rel":"","context":"Similar post","img":{"alt_text":"","src":"https:\/\/i0.wp.com\/hebergementchezmaria.com\/wp-content\/uploads\/2019\/07\/option-champagne-brioche-hebergement-chez-maria.jpg?resize=350%2C200&ssl=1","width":350,"height":200},"classes":[]},{"id":287,"url":"https:\/\/hebergementchezmaria.com\/en\/home\/?lang=en","url_meta":{"origin":1265,"position":1},"title":"Welcome in this peaceful world !","date":"26 March 2019","format":false,"excerpt":"\u2014 Celles sur Ource, C\u00f4te des Bar, Champagne-Ardenne, France","rel":"","context":"Similar post","img":{"alt_text":"","src":"https:\/\/i0.wp.com\/hebergementchezmaria.com\/wp-content\/uploads\/2019\/07\/hebergement-chez-maria-en-champagne-celles-sur-ource-01.jpg?fit=1200%2C942&ssl=1&resize=350%2C200","width":350,"height":200},"classes":[]},{"id":1259,"url":"https:\/\/hebergementchezmaria.com\/en\/bouteilles-champagne\/?lang=en","url_meta":{"origin":1265,"position":2},"title":"Fresh Champagne","date":"13 August 2018","format":false,"excerpt":"Are you Champagne lovers? Good, you're in the right place! We can, in advance, carefully prepare one or more bottles of Champagne so that they are ready to taste on your arrival. A nice reward after all these miles!Bottle price: 29 \u20ac(Cuv\u00e9e Blanc de Noirs \u2013 Vieilles Vignes, de Lionel\u2026","rel":"","context":"Similar post","img":{"alt_text":"","src":"https:\/\/i0.wp.com\/hebergementchezmaria.com\/wp-content\/uploads\/2019\/07\/option-champagne-frais-hebergement-chez-maria-1024x769.jpg?resize=350%2C200&ssl=1","width":350,"height":200},"classes":[]},{"id":98,"url":"https:\/\/hebergementchezmaria.com\/en\/","url_meta":{"origin":1265,"position":3},"title":"\u00ab\u00a0L\u00e0 tout n&rsquo;est qu&rsquo;ordre et beaut\u00e9, luxe, calme et volupt\u00e9\u00a0\u00bb                             Invitation au voyage, Baudelaire.","date":"13 August 2018","format":false,"excerpt":"\u2014 Celles sur Ource, C\u00f4te des Bar, Champagne-Ardenne, France","rel":"","context":"Similar post","img":{"alt_text":"","src":"https:\/\/i0.wp.com\/hebergementchezmaria.com\/wp-content\/uploads\/2021\/08\/hebergement-chez-maria-en-champagne-celles-sur-ource-01.jpg?fit=1034%2C812&ssl=1&resize=350%2C200","width":350,"height":200},"classes":[]},{"id":174,"url":"https:\/\/hebergementchezmaria.com\/en\/bouteilles-champagne\/","url_meta":{"origin":1265,"position":4},"title":"Champagne frais","date":"13 August 2018","format":false,"excerpt":"Vous \u00eates amateurs de Champagne ? Tant mieux, vous \u00eates au bon endroit ! Nous pouvons, \u00e0 l\u2019avance vous pr\u00e9parer soigneusement une ou plusieurs bouteilles de Champagne afin que celles-ci soient pr\u00eates \u00e0 d\u00e9guster \u00e0 votre arriv\u00e9e. Une belle r\u00e9compense apr\u00e8s tous ces kilom\u00e8tres parcourus ! Tarif bouteille : 29\u2026","rel":"","context":"Similar post","img":{"alt_text":"","src":"https:\/\/i0.wp.com\/hebergementchezmaria.com\/wp-content\/uploads\/2019\/07\/option-champagne-frais-hebergement-chez-maria-1024x769.jpg?resize=350%2C200&ssl=1","width":350,"height":200},"classes":[]},{"id":1073,"url":"https:\/\/hebergementchezmaria.com\/en\/about-grandma-maria\/?lang=en","url_meta":{"origin":1265,"position":5},"title":"About Grandma Maria","date":"23 July 2019","format":false,"excerpt":"Maria, delighted:Maria is one of his extraordinary women, who have undoubtedly left their mark; NOON, no such traces, not in the newspapers, not on a commemorative plaque or the name of a square. No, a true trace, in the memory, the respect of the genre, a trace in what defines\u2026","rel":"","context":"Similar post","img":{"alt_text":"","src":"https:\/\/i0.wp.com\/hebergementchezmaria.com\/wp-content\/uploads\/2019\/06\/hebergement-chez-maria-en-champagne-celles-sur-ource-remember.jpg?resize=350%2C200&ssl=1","width":350,"height":200},"classes":[]}],"_links":{"self":[{"href":"https:\/\/hebergementchezmaria.com\/en\/wp-json\/wp\/v2\/pages\/1265"}],"collection":[{"href":"https:\/\/hebergementchezmaria.com\/en\/wp-json\/wp\/v2\/pages"}],"about":[{"href":"https:\/\/hebergementchezmaria.com\/en\/wp-json\/wp\/v2\/types\/page"}],"author":[{"embeddable":true,"href":"https:\/\/hebergementchezmaria.com\/en\/wp-json\/wp\/v2\/users\/1"}],"replies":[{"embeddable":true,"href":"https:\/\/hebergementchezmaria.com\/en\/wp-json\/wp\/v2\/comments?post=1265"}],"version-history":[{"count":8,"href":"https:\/\/hebergementchezmaria.com\/en\/wp-json\/wp\/v2\/pages\/1265\/revisions"}],"predecessor-version":[{"id":1406,"href":"https:\/\/hebergementchezmaria.com\/en\/wp-json\/wp\/v2\/pages\/1265\/revisions\/1406"}],"wp:attachment":[{"href":"https:\/\/hebergementchezmaria.com\/en\/wp-json\/wp\/v2\/media?parent=1265"}],"curies":[{"name":"wp","href":"https:\/\/api.w.org\/{rel}","templated":true}]}}