{"id":1259,"date":"2018-08-13T13:22:53","date_gmt":"2018-08-13T13:22:53","guid":{"rendered":"http:\/\/hebergementchezmaria.com\/bouteilles-champagne\/"},"modified":"2019-09-03T21:28:12","modified_gmt":"2019-09-03T19:28:12","slug":"bouteilles-champagne","status":"publish","type":"page","link":"https:\/\/hebergementchezmaria.com\/en\/bouteilles-champagne\/?lang=en","title":{"rendered":"Fresh Champagne"},"content":{"rendered":"<div data-elementor-type=\"wp-post\" data-elementor-id=\"1259\" class=\"elementor elementor-1259\" data-elementor-settings=\"[]\">\n\t\t\t\t\t\t<div class=\"elementor-inner\">\n\t\t\t\t\t\t\t<div class=\"elementor-section-wrap\">\n\t\t\t\t\t\t\t<section class=\"elementor-section elementor-top-section elementor-element elementor-element-57e7997 elementor-section-boxed elementor-section-height-default elementor-section-height-default\" data-id=\"57e7997\" data-element_type=\"section\">\n\t\t\t\t\t\t<div class=\"elementor-container elementor-column-gap-default\">\n\t\t\t\t\t\t\t<div class=\"elementor-row\">\n\t\t\t\t\t<div class=\"elementor-column elementor-col-100 elementor-top-column elementor-element elementor-element-6561174\" data-id=\"6561174\" data-element_type=\"column\">\n\t\t\t<div class=\"elementor-column-wrap elementor-element-populated\">\n\t\t\t\t\t\t\t<div class=\"elementor-widget-wrap\">\n\t\t\t\t\t\t<div class=\"elementor-element elementor-element-bb4f2eb elementor-view-framed elementor-shape-circle elementor-widget elementor-widget-icon\" data-id=\"bb4f2eb\" data-element_type=\"widget\" data-widget_type=\"icon.default\">\n\t\t\t\t<div class=\"elementor-widget-container\">\n\t\t\t\t\t<div class=\"elementor-icon-wrapper\">\n\t\t\t<div class=\"elementor-icon\">\n\t\t\t<i aria-hidden=\"true\" class=\"fas fa-wine-glass-alt\"><\/i>\t\t\t<\/div>\n\t\t<\/div>\n\t\t\t\t<\/div>\n\t\t\t\t<\/div>\n\t\t\t\t\t\t<\/div>\n\t\t\t\t\t<\/div>\n\t\t<\/div>\n\t\t\t\t\t\t\t\t<\/div>\n\t\t\t\t\t<\/div>\n\t\t<\/section>\n\t\t\t\t<section class=\"elementor-section elementor-top-section elementor-element elementor-element-47613bcf elementor-section-boxed elementor-section-height-default elementor-section-height-default\" data-id=\"47613bcf\" data-element_type=\"section\">\n\t\t\t\t\t\t<div class=\"elementor-container elementor-column-gap-default\">\n\t\t\t\t\t\t\t<div class=\"elementor-row\">\n\t\t\t\t\t<div class=\"elementor-column elementor-col-100 elementor-top-column elementor-element elementor-element-fca549e\" data-id=\"fca549e\" data-element_type=\"column\">\n\t\t\t<div class=\"elementor-column-wrap elementor-element-populated\">\n\t\t\t\t\t\t\t<div class=\"elementor-widget-wrap\">\n\t\t\t\t\t\t<div class=\"elementor-element elementor-element-58f4f4d8 elementor-widget elementor-widget-text-editor\" data-id=\"58f4f4d8\" data-element_type=\"widget\" data-widget_type=\"text-editor.default\">\n\t\t\t\t<div class=\"elementor-widget-container\">\n\t\t\t\t\t\t\t\t<div class=\"elementor-text-editor elementor-clearfix\">\n\t\t\t\t<p style=\"text-align: center;\">Are you Champagne lovers? Good, you&rsquo;re in the right place! We can, in advance, carefully prepare one or more bottles of Champagne so that they are ready to taste on your arrival. A nice reward after all these miles!<br \/>Bottle price: 29 \u20ac<br \/>(Cuv\u00e9e Blanc de Noirs \u2013 Vieilles Vignes, de Lionel Carreau)<\/p>\t\t\t\t\t<\/div>\n\t\t\t\t\t\t<\/div>\n\t\t\t\t<\/div>\n\t\t\t\t\t\t<\/div>\n\t\t\t\t\t<\/div>\n\t\t<\/div>\n\t\t\t\t\t\t\t\t<\/div>\n\t\t\t\t\t<\/div>\n\t\t<\/section>\n\t\t\t\t<section class=\"elementor-section elementor-top-section elementor-element elementor-element-550e169 elementor-section-boxed elementor-section-height-default elementor-section-height-default\" data-id=\"550e169\" data-element_type=\"section\">\n\t\t\t\t\t\t<div class=\"elementor-container elementor-column-gap-default\">\n\t\t\t\t\t\t\t<div class=\"elementor-row\">\n\t\t\t\t\t<div class=\"elementor-column elementor-col-100 elementor-top-column elementor-element elementor-element-3931501\" data-id=\"3931501\" data-element_type=\"column\">\n\t\t\t<div class=\"elementor-column-wrap elementor-element-populated\">\n\t\t\t\t\t\t\t<div class=\"elementor-widget-wrap\">\n\t\t\t\t\t\t<div class=\"elementor-element elementor-element-2b950bf elementor-widget elementor-widget-image\" data-id=\"2b950bf\" data-element_type=\"widget\" data-widget_type=\"image.default\">\n\t\t\t\t<div class=\"elementor-widget-container\">\n\t\t\t\t\t\t\t\t<div class=\"elementor-image\">\n\t\t\t\t\t\t\t\t\t\t\t\t<img width=\"746\" height=\"560\" src=\"https:\/\/i0.wp.com\/hebergementchezmaria.com\/wp-content\/uploads\/2019\/07\/option-champagne-frais-hebergement-chez-maria.jpg?fit=746%2C560&amp;ssl=1\" class=\"attachment-large size-large\" alt=\"\" srcset=\"https:\/\/i0.wp.com\/hebergementchezmaria.com\/wp-content\/uploads\/2019\/07\/option-champagne-frais-hebergement-chez-maria.jpg?w=1024&amp;ssl=1 1024w, https:\/\/i0.wp.com\/hebergementchezmaria.com\/wp-content\/uploads\/2019\/07\/option-champagne-frais-hebergement-chez-maria.jpg?resize=300%2C225&amp;ssl=1 300w, https:\/\/i0.wp.com\/hebergementchezmaria.com\/wp-content\/uploads\/2019\/07\/option-champagne-frais-hebergement-chez-maria.jpg?resize=768%2C577&amp;ssl=1 768w, https:\/\/i0.wp.com\/hebergementchezmaria.com\/wp-content\/uploads\/2019\/07\/option-champagne-frais-hebergement-chez-maria.jpg?resize=891%2C669&amp;ssl=1 891w\" sizes=\"(max-width: 746px) 100vw, 746px\" data-attachment-id=\"1165\" data-permalink=\"https:\/\/hebergementchezmaria.com\/en\/bouteilles-champagne\/option-champagne-frais-hebergement-chez-maria-2\/\" data-orig-file=\"https:\/\/i0.wp.com\/hebergementchezmaria.com\/wp-content\/uploads\/2019\/07\/option-champagne-frais-hebergement-chez-maria.jpg?fit=1024%2C769&amp;ssl=1\" data-orig-size=\"1024,769\" data-comments-opened=\"1\" data-image-meta=\"{&quot;aperture&quot;:&quot;0&quot;,&quot;credit&quot;:&quot;&quot;,&quot;camera&quot;:&quot;&quot;,&quot;caption&quot;:&quot;&quot;,&quot;created_timestamp&quot;:&quot;0&quot;,&quot;copyright&quot;:&quot;&quot;,&quot;focal_length&quot;:&quot;0&quot;,&quot;iso&quot;:&quot;0&quot;,&quot;shutter_speed&quot;:&quot;0&quot;,&quot;title&quot;:&quot;&quot;,&quot;orientation&quot;:&quot;0&quot;}\" data-image-title=\"option-champagne-frais-hebergement-chez-maria\" data-image-description=\"\" data-image-caption=\"\" data-medium-file=\"https:\/\/i0.wp.com\/hebergementchezmaria.com\/wp-content\/uploads\/2019\/07\/option-champagne-frais-hebergement-chez-maria.jpg?fit=300%2C225&amp;ssl=1\" data-large-file=\"https:\/\/i0.wp.com\/hebergementchezmaria.com\/wp-content\/uploads\/2019\/07\/option-champagne-frais-hebergement-chez-maria.jpg?fit=746%2C560&amp;ssl=1\" \/>\t\t\t\t\t\t\t\t\t\t\t\t\t\t<\/div>\n\t\t\t\t\t\t<\/div>\n\t\t\t\t<\/div>\n\t\t\t\t<div class=\"elementor-element elementor-element-abe676c elementor-widget elementor-widget-spacer\" data-id=\"abe676c\" data-element_type=\"widget\" data-widget_type=\"spacer.default\">\n\t\t\t\t<div class=\"elementor-widget-container\">\n\t\t\t\t\t<div class=\"elementor-spacer\">\n\t\t\t<div class=\"elementor-spacer-inner\"><\/div>\n\t\t<\/div>\n\t\t\t\t<\/div>\n\t\t\t\t<\/div>\n\t\t\t\t\t\t<\/div>\n\t\t\t\t\t<\/div>\n\t\t<\/div>\n\t\t\t\t\t\t\t\t<\/div>\n\t\t\t\t\t<\/div>\n\t\t<\/section>\n\t\t\t\t<section class=\"elementor-section elementor-top-section elementor-element elementor-element-4e0089a elementor-section-boxed elementor-section-height-default elementor-section-height-default\" data-id=\"4e0089a\" data-element_type=\"section\">\n\t\t\t\t\t\t<div class=\"elementor-container elementor-column-gap-default\">\n\t\t\t\t\t\t\t<div class=\"elementor-row\">\n\t\t\t\t\t<div class=\"elementor-column elementor-col-100 elementor-top-column elementor-element elementor-element-1f4b655\" data-id=\"1f4b655\" data-element_type=\"column\">\n\t\t\t<div class=\"elementor-column-wrap elementor-element-populated\">\n\t\t\t\t\t\t\t<div class=\"elementor-widget-wrap\">\n\t\t\t\t\t\t<div class=\"elementor-element elementor-element-de7a720 elementor-widget elementor-widget-text-editor\" data-id=\"de7a720\" data-element_type=\"widget\" data-widget_type=\"text-editor.default\">\n\t\t\t\t<div class=\"elementor-widget-container\">\n\t\t\t\t\t\t\t\t<div class=\"elementor-text-editor elementor-clearfix\">\n\t\t\t\t<p><img class=\"size-large wp-image-726 aligncenter\" src=\"https:\/\/i0.wp.com\/hebergementchezmaria.com\/wp-content\/uploads\/2019\/07\/champagne-lionel-carreau-blanc-de-noirs-2014.jpg?resize=299%2C1024&#038;ssl=1\" alt=\"\" width=\"299\" height=\"1024\" data-recalc-dims=\"1\" srcset=\"https:\/\/i0.wp.com\/hebergementchezmaria.com\/wp-content\/uploads\/2019\/07\/champagne-lionel-carreau-blanc-de-noirs-2014.jpg?w=1632&amp;ssl=1 1632w, https:\/\/i0.wp.com\/hebergementchezmaria.com\/wp-content\/uploads\/2019\/07\/champagne-lionel-carreau-blanc-de-noirs-2014.jpg?resize=88%2C300&amp;ssl=1 88w, https:\/\/i0.wp.com\/hebergementchezmaria.com\/wp-content\/uploads\/2019\/07\/champagne-lionel-carreau-blanc-de-noirs-2014.jpg?resize=768%2C2628&amp;ssl=1 768w, https:\/\/i0.wp.com\/hebergementchezmaria.com\/wp-content\/uploads\/2019\/07\/champagne-lionel-carreau-blanc-de-noirs-2014.jpg?resize=299%2C1024&amp;ssl=1 299w, https:\/\/i0.wp.com\/hebergementchezmaria.com\/wp-content\/uploads\/2019\/07\/champagne-lionel-carreau-blanc-de-noirs-2014.jpg?resize=891%2C3049&amp;ssl=1 891w, https:\/\/i0.wp.com\/hebergementchezmaria.com\/wp-content\/uploads\/2019\/07\/champagne-lionel-carreau-blanc-de-noirs-2014.jpg?w=1492&amp;ssl=1 1492w\" sizes=\"(max-width: 299px) 100vw, 299px\" \/><\/p>\t\t\t\t\t<\/div>\n\t\t\t\t\t\t<\/div>\n\t\t\t\t<\/div>\n\t\t\t\t\t\t<\/div>\n\t\t\t\t\t<\/div>\n\t\t<\/div>\n\t\t\t\t\t\t\t\t<\/div>\n\t\t\t\t\t<\/div>\n\t\t<\/section>\n\t\t\t\t\t\t<\/div>\n\t\t\t\t\t\t<\/div>\n\t\t\t\t\t<\/div>","protected":false},"excerpt":{"rendered":"<p>Are you Champagne lovers? Good, you&rsquo;re in the right place! We can, in advance, carefully prepare one or more bottles of Champagne so that they are ready to taste on your arrival. A nice reward after all these miles!Bottle price: 29 \u20ac(Cuv\u00e9e Blanc de Noirs \u2013 Vieilles Vignes, de Lionel Carreau)<\/p>","protected":false},"author":1,"featured_media":0,"parent":0,"menu_order":0,"comment_status":"closed","ping_status":"closed","template":"","meta":{"spay_email":""},"jetpack_sharing_enabled":true,"jetpack_shortlink":"https:\/\/wp.me\/PaP54C-kj","jetpack-related-posts":[{"id":1265,"url":"https:\/\/hebergementchezmaria.com\/en\/apero-champagne-brioche\/?lang=en","url_meta":{"origin":1259,"position":0},"title":"Aperitif Champagne &#038; Brioche","date":"13 August 2018","format":false,"excerpt":"A local full appetizer tempts you to celebrate your arrival? We can, in advance, carefully prepare one or more fresh bottles of Champagne, and we will accompany them with a brioche chaource, local flavor that will make you want to stay.Champagne + Brioche price: 37 \u20ac(Cuv\u00e9e Blanc de Noirs- Vieilles\u2026","rel":"","context":"Similar post","img":{"alt_text":"","src":"https:\/\/i0.wp.com\/hebergementchezmaria.com\/wp-content\/uploads\/2019\/07\/option-champagne-brioche-hebergement-chez-maria.jpg?resize=350%2C200&ssl=1","width":350,"height":200},"classes":[]},{"id":80,"url":"https:\/\/hebergementchezmaria.com\/en\/apero-champagne-brioche\/","url_meta":{"origin":1259,"position":1},"title":"Ap\u00e9ro Champagne &#038; Brioche","date":"13 August 2018","format":false,"excerpt":"Un ap\u00e9ritif complet local vous branche pour f\u00eater votre arriv\u00e9e ? Nous pouvons, \u00e0 l\u2019avance, vous pr\u00e9parer soigneusement une ou plusieurs bouteilles fra\u00eeches de Champagne, et nous les accompagnerons d\u2019une brioche au chaource, saveur locale qui vous donnera envie de ne plus repartir. Tarif Champagne + Brioche : 37 \u20ac\u2026","rel":"","context":"Similar post","img":{"alt_text":"","src":"https:\/\/i0.wp.com\/hebergementchezmaria.com\/wp-content\/uploads\/2019\/07\/option-champagne-brioche-hebergement-chez-maria.jpg?resize=350%2C200&ssl=1","width":350,"height":200},"classes":[]},{"id":174,"url":"https:\/\/hebergementchezmaria.com\/en\/bouteilles-champagne\/","url_meta":{"origin":1259,"position":2},"title":"Champagne frais","date":"13 August 2018","format":false,"excerpt":"Vous \u00eates amateurs de Champagne ? Tant mieux, vous \u00eates au bon endroit ! Nous pouvons, \u00e0 l\u2019avance vous pr\u00e9parer soigneusement une ou plusieurs bouteilles de Champagne afin que celles-ci soient pr\u00eates \u00e0 d\u00e9guster \u00e0 votre arriv\u00e9e. Une belle r\u00e9compense apr\u00e8s tous ces kilom\u00e8tres parcourus ! Tarif bouteille : 29\u2026","rel":"","context":"Similar post","img":{"alt_text":"","src":"https:\/\/i0.wp.com\/hebergementchezmaria.com\/wp-content\/uploads\/2019\/07\/option-champagne-frais-hebergement-chez-maria-1024x769.jpg?resize=350%2C200&ssl=1","width":350,"height":200},"classes":[]},{"id":287,"url":"https:\/\/hebergementchezmaria.com\/en\/home\/?lang=en","url_meta":{"origin":1259,"position":3},"title":"Welcome in this peaceful world !","date":"26 March 2019","format":false,"excerpt":"\u2014 Celles sur Ource, C\u00f4te des Bar, Champagne-Ardenne, France","rel":"","context":"Similar post","img":{"alt_text":"","src":"https:\/\/i0.wp.com\/hebergementchezmaria.com\/wp-content\/uploads\/2019\/07\/hebergement-chez-maria-en-champagne-celles-sur-ource-01.jpg?fit=1200%2C942&ssl=1&resize=350%2C200","width":350,"height":200},"classes":[]},{"id":98,"url":"https:\/\/hebergementchezmaria.com\/en\/","url_meta":{"origin":1259,"position":4},"title":"\u00ab\u00a0L\u00e0 tout n&rsquo;est qu&rsquo;ordre et beaut\u00e9, luxe, calme et volupt\u00e9\u00a0\u00bb                             Invitation au voyage, Baudelaire.","date":"13 August 2018","format":false,"excerpt":"\u2014 Celles sur Ource, C\u00f4te des Bar, Champagne-Ardenne, France","rel":"","context":"Similar post","img":{"alt_text":"","src":"https:\/\/i0.wp.com\/hebergementchezmaria.com\/wp-content\/uploads\/2021\/08\/hebergement-chez-maria-en-champagne-celles-sur-ource-01.jpg?fit=1034%2C812&ssl=1&resize=350%2C200","width":350,"height":200},"classes":[]},{"id":169,"url":"https:\/\/hebergementchezmaria.com\/en\/reservation-contact\/","url_meta":{"origin":1259,"position":5},"title":"R\u00e9servation &#8211; Contact","date":"13 August 2018","format":false,"excerpt":"R\u00e9servez via AIRBNB R\u00e9servez via Gites de France V\u00e9rifiez les disponibilit\u00e9s : Celles sur Ource, C\u00f4te des Bar, Champagne-Ardenne, France 03 25 38 57 27 info@hebergementchezmaria.com Laissez nous un message :","rel":"","context":"Similar post","img":{"alt_text":"","src":"https:\/\/i0.wp.com\/hebergementchezmaria.com\/wp-content\/uploads\/2019\/09\/meuble-de-tourisme-france-3-etoiles-hebergement-chez-maria-en-champagne.png?resize=350%2C200&ssl=1","width":350,"height":200},"classes":[]}],"_links":{"self":[{"href":"https:\/\/hebergementchezmaria.com\/en\/wp-json\/wp\/v2\/pages\/1259"}],"collection":[{"href":"https:\/\/hebergementchezmaria.com\/en\/wp-json\/wp\/v2\/pages"}],"about":[{"href":"https:\/\/hebergementchezmaria.com\/en\/wp-json\/wp\/v2\/types\/page"}],"author":[{"embeddable":true,"href":"https:\/\/hebergementchezmaria.com\/en\/wp-json\/wp\/v2\/users\/1"}],"replies":[{"embeddable":true,"href":"https:\/\/hebergementchezmaria.com\/en\/wp-json\/wp\/v2\/comments?post=1259"}],"version-history":[{"count":3,"href":"https:\/\/hebergementchezmaria.com\/en\/wp-json\/wp\/v2\/pages\/1259\/revisions"}],"predecessor-version":[{"id":1407,"href":"https:\/\/hebergementchezmaria.com\/en\/wp-json\/wp\/v2\/pages\/1259\/revisions\/1407"}],"wp:attachment":[{"href":"https:\/\/hebergementchezmaria.com\/en\/wp-json\/wp\/v2\/media?parent=1259"}],"curies":[{"name":"wp","href":"https:\/\/api.w.org\/{rel}","templated":true}]}}